{"id":614,"date":"2023-12-07T10:13:11","date_gmt":"2023-12-07T10:13:11","guid":{"rendered":"https:\/\/haroon.biz\/dev\/greenwt\/?page_id=614"},"modified":"2023-12-19T08:48:13","modified_gmt":"2023-12-19T08:48:13","slug":"womeny-lab-project-objectives","status":"publish","type":"page","link":"https:\/\/womenylab.org\/es\/womeny-lab-project-objectives\/","title":{"rendered":"(English) WomenY-Lab Project Objectives"},"content":{"rendered":"\t\t<div data-elementor-type=\"wp-page\" data-elementor-id=\"614\" class=\"elementor elementor-614\">\n\t\t\t\t\t\t<section class=\"elementor-section elementor-top-section elementor-element elementor-element-39fe41a elementor-section-full_width elementor-section-height-min-height elementor-section-height-default elementor-section-items-middle\" data-id=\"39fe41a\" data-element_type=\"section\" data-settings=\"{&quot;background_background&quot;:&quot;classic&quot;}\">\n\t\t\t\t\t\t<div class=\"elementor-container elementor-column-gap-no\">\n\t\t\t\t\t<div class=\"elementor-column elementor-col-100 elementor-top-column elementor-element elementor-element-6ed0c1d\" data-id=\"6ed0c1d\" data-element_type=\"column\">\n\t\t\t<div class=\"elementor-widget-wrap\">\n\t\t\t\t\t\t\t<\/div>\n\t\t<\/div>\n\t\t\t\t\t<\/div>\n\t\t<\/section>\n\t\t\t\t<section class=\"elementor-section elementor-top-section elementor-element elementor-element-5535f43 elementor-section-boxed elementor-section-height-default elementor-section-height-default\" data-id=\"5535f43\" data-element_type=\"section\">\n\t\t\t\t\t\t<div class=\"elementor-container elementor-column-gap-default\">\n\t\t\t\t\t<div class=\"elementor-column elementor-col-100 elementor-top-column elementor-element elementor-element-b0c754f\" data-id=\"b0c754f\" data-element_type=\"column\">\n\t\t\t<div class=\"elementor-widget-wrap elementor-element-populated\">\n\t\t\t\t\t\t<section class=\"elementor-section elementor-inner-section elementor-element elementor-element-ba552ab elementor-section-boxed elementor-section-height-default elementor-section-height-default\" data-id=\"ba552ab\" data-element_type=\"section\">\n\t\t\t\t\t\t<div class=\"elementor-container elementor-column-gap-default\">\n\t\t\t\t\t<div class=\"elementor-column elementor-col-100 elementor-inner-column elementor-element elementor-element-482be59\" data-id=\"482be59\" data-element_type=\"column\">\n\t\t\t<div class=\"elementor-widget-wrap elementor-element-populated\">\n\t\t\t\t\t\t<div class=\"elementor-element elementor-element-8ad5d40 elementor-widget elementor-widget-heading\" data-id=\"8ad5d40\" data-element_type=\"widget\" data-widget_type=\"heading.default\">\n\t\t\t\t<div class=\"elementor-widget-container\">\n\t\t\t<style>\/*! elementor - v3.20.0 - 26-03-2024 *\/\n.elementor-heading-title{padding:0;margin:0;line-height:1}.elementor-widget-heading .elementor-heading-title[class*=elementor-size-]>a{color:inherit;font-size:inherit;line-height:inherit}.elementor-widget-heading .elementor-heading-title.elementor-size-small{font-size:15px}.elementor-widget-heading .elementor-heading-title.elementor-size-medium{font-size:19px}.elementor-widget-heading .elementor-heading-title.elementor-size-large{font-size:29px}.elementor-widget-heading .elementor-heading-title.elementor-size-xl{font-size:39px}.elementor-widget-heading .elementor-heading-title.elementor-size-xxl{font-size:59px}<\/style><h2 class=\"elementor-heading-title elementor-size-default\">Objetivos del Proyecto WomenY-Lab<\/h2>\t\t<\/div>\n\t\t\t\t<\/div>\n\t\t\t\t<div class=\"elementor-element elementor-element-4d6d111 elementor-widget elementor-widget-text-editor\" data-id=\"4d6d111\" data-element_type=\"widget\" data-widget_type=\"text-editor.default\">\n\t\t\t\t<div class=\"elementor-widget-container\">\n\t\t\t<style>\/*! elementor - v3.20.0 - 26-03-2024 *\/\n.elementor-widget-text-editor.elementor-drop-cap-view-stacked .elementor-drop-cap{background-color:#69727d;color:#fff}.elementor-widget-text-editor.elementor-drop-cap-view-framed .elementor-drop-cap{color:#69727d;border:3px solid;background-color:transparent}.elementor-widget-text-editor:not(.elementor-drop-cap-view-default) .elementor-drop-cap{margin-top:8px}.elementor-widget-text-editor:not(.elementor-drop-cap-view-default) .elementor-drop-cap-letter{width:1em;height:1em}.elementor-widget-text-editor .elementor-drop-cap{float:left;text-align:center;line-height:1;font-size:50px}.elementor-widget-text-editor .elementor-drop-cap-letter{display:inline-block}<\/style>\t\t\t\t<p><\/p>\t\t\t\t\t\t<\/div>\n\t\t\t\t<\/div>\n\t\t\t\t<div class=\"elementor-element elementor-element-d87a68c elementor-widget elementor-widget-text-editor\" data-id=\"d87a68c\" data-element_type=\"widget\" data-widget_type=\"text-editor.default\">\n\t\t\t\t<div class=\"elementor-widget-container\">\n\t\t\t\t\t\t\t<p><span style=\"background-color: var(--global--color-background);\"><\/span><span style=\"background-color: var(--global--color-background);\"><b>Objetivo General<\/b><\/span><\/p><p>\u2981\u00a0<span style=\"background-color: var(--global--color-background);\">Generar ingresos, crear empleos, empoderar a mujeres y j\u00f3venes, y mejorar las condiciones y calidad de vida en comunidades rurales y urbano-marginales<\/span><\/p><p><b>Objetivos Espec\u00edficos<\/b><\/p><p>\u2981\u00a0<span style=\"background-color: var(--global--color-background);\">Establecer Centros de Eco-Tecnolog\u00edas: Capacitaci\u00f3n-Servicio-Innovaci\u00f3n (CET) en diversas ciudades y regiones<\/span><\/p><p>\u2981 Establecer un n\u00facleo de 10 Talleres de Eco-Tecnolog\u00edas: Capacitaci\u00f3n-Servicio-Innovaci\u00f3n (TET), adem\u00e1s de una Incubadora de Empresas y espacios de Co-working<br \/>\u2981 Responder a la demanda de educaci\u00f3n t\u00e9cnica<\/p><p>\u2981 Contribuir a incrementar la productividad de los productores rurales y urbanos<\/p><p>\u2981\u00a0Fomentar la creaci\u00f3n de nuevas empresas [Business Start-ups]<\/p><p>\u2981 Identificar, formular, evaluar, incubar, gestionar y apoyar Proyectos Productivos para el Desarrollo Sostenible Comunitario, incluyendo la transferencia y adaptaci\u00f3n de eco-tecnolog\u00edas<\/p><p>\u2981 Desarrollar el Sistema de Aprendizaje en l\u00ednea del CET<\/p><p>\u2981 Desarrollar una Red de Alianzas: alianzas de negocios y con productores; sector p\u00fablico; instituciones de educaci\u00f3n superior; redes comunitarias<\/p><p>\u2981 Establecer Alianzas y Programas de Colaboraci\u00f3n con otros centros y Fab Labs a nivel nacional e internacional<\/p><div>\u00a0<\/div>\t\t\t\t\t\t<\/div>\n\t\t\t\t<\/div>\n\t\t\t\t\t<\/div>\n\t\t<\/div>\n\t\t\t\t\t<\/div>\n\t\t<\/section>\n\t\t\t\t\t<\/div>\n\t\t<\/div>\n\t\t\t\t\t<\/div>\n\t\t<\/section>\n\t\t\t\t<section class=\"elementor-section elementor-top-section elementor-element elementor-element-857c7c0 elementor-section-boxed elementor-section-height-default elementor-section-height-default\" data-id=\"857c7c0\" data-element_type=\"section\">\n\t\t\t\t\t\t<div class=\"elementor-container elementor-column-gap-default\">\n\t\t\t\t\t<div class=\"elementor-column elementor-col-33 elementor-top-column elementor-element elementor-element-7fd3121\" data-id=\"7fd3121\" data-element_type=\"column\">\n\t\t\t<div class=\"elementor-widget-wrap elementor-element-populated\">\n\t\t\t\t\t\t<div class=\"elementor-element elementor-element-df70578 elementor-widget elementor-widget-image\" data-id=\"df70578\" data-element_type=\"widget\" data-widget_type=\"image.default\">\n\t\t\t\t<div class=\"elementor-widget-container\">\n\t\t\t<style>\/*! elementor - v3.20.0 - 26-03-2024 *\/\n.elementor-widget-image{text-align:center}.elementor-widget-image a{display:inline-block}.elementor-widget-image a img[src$=\".svg\"]{width:48px}.elementor-widget-image img{vertical-align:middle;display:inline-block}<\/style>\t\t\t\t\t\t\t\t\t\t<img decoding=\"async\" src=\"https:\/\/womenylab.org\/wp-content\/uploads\/elementor\/thumbs\/helena-lopes-1m2LQEonm2A-unsplash-scaled-qhrfiezgxkyci1lvwpntwm1k6z6nomuwoojef7os9g.jpg\" title=\"helena-lopes-1m2LQEonm2A-unsplash\" alt=\"helena-lopes-1m2LQEonm2A-unsplash\" loading=\"lazy\" \/>\t\t\t\t\t\t\t\t\t\t\t\t\t<\/div>\n\t\t\t\t<\/div>\n\t\t\t\t\t<\/div>\n\t\t<\/div>\n\t\t\t\t<div class=\"elementor-column elementor-col-33 elementor-top-column elementor-element elementor-element-9b2ce04\" data-id=\"9b2ce04\" data-element_type=\"column\">\n\t\t\t<div class=\"elementor-widget-wrap elementor-element-populated\">\n\t\t\t\t\t\t<div class=\"elementor-element elementor-element-474ac02 elementor-widget elementor-widget-image\" data-id=\"474ac02\" data-element_type=\"widget\" data-widget_type=\"image.default\">\n\t\t\t\t<div class=\"elementor-widget-container\">\n\t\t\t\t\t\t\t\t\t\t\t\t\t<img decoding=\"async\" src=\"https:\/\/womenylab.org\/wp-content\/uploads\/elementor\/thumbs\/austin-distel-rxpThOwuVgE-unsplash-scaled-qhrfiezgxkyci1lvwpntwm1k6z6nomuwoojef7os9g.jpg\" title=\"austin-distel-rxpThOwuVgE-unsplash\" alt=\"austin-distel-rxpThOwuVgE-unsplash\" loading=\"lazy\" \/>\t\t\t\t\t\t\t\t\t\t\t\t\t<\/div>\n\t\t\t\t<\/div>\n\t\t\t\t\t<\/div>\n\t\t<\/div>\n\t\t\t\t<div class=\"elementor-column elementor-col-33 elementor-top-column elementor-element elementor-element-6fad4fc\" data-id=\"6fad4fc\" data-element_type=\"column\">\n\t\t\t<div class=\"elementor-widget-wrap elementor-element-populated\">\n\t\t\t\t\t\t<div class=\"elementor-element elementor-element-6844ccc elementor-widget elementor-widget-image\" data-id=\"6844ccc\" data-element_type=\"widget\" data-widget_type=\"image.default\">\n\t\t\t\t<div class=\"elementor-widget-container\">\n\t\t\t\t\t\t\t\t\t\t\t\t\t<img decoding=\"async\" src=\"https:\/\/womenylab.org\/wp-content\/uploads\/elementor\/thumbs\/annie-spratt-hCb3lIB8L8E-unsplash-scaled-qhrfiezgxkyci1lvwpntwm1k6z6nomuwoojef7os9g.jpg\" title=\"annie-spratt-hCb3lIB8L8E-unsplash\" alt=\"annie-spratt-hCb3lIB8L8E-unsplash\" loading=\"lazy\" \/>\t\t\t\t\t\t\t\t\t\t\t\t\t<\/div>\n\t\t\t\t<\/div>\n\t\t\t\t\t<\/div>\n\t\t<\/div>\n\t\t\t\t\t<\/div>\n\t\t<\/section>\n\t\t\t\t<\/div>\n\t\t","protected":false},"excerpt":{"rendered":"<p>Objetivos del Proyecto WomenY-Lab Objetivo General \u2981\u00a0Generar ingresos, crear empleos, empoderar a mujeres y j\u00f3venes, y mejorar las condiciones y calidad de vida en comunidades rurales y urbano-marginales Objetivos Espec\u00edficos \u2981\u00a0Establecer Centros de Eco-Tecnolog\u00edas: Capacitaci\u00f3n-Servicio-Innovaci\u00f3n (CET) en diversas ciudades y regiones \u2981 Establecer un n\u00facleo de 10 Talleres de Eco-Tecnolog\u00edas: Capacitaci\u00f3n-Servicio-Innovaci\u00f3n (TET), adem\u00e1s de una&hellip; <a class=\"more-link\" href=\"https:\/\/womenylab.org\/es\/womeny-lab-project-objectives\/\">Seguir leyendo <span class=\"screen-reader-text\">(English) WomenY-Lab Project Objectives<\/span><\/a><\/p>\n","protected":false},"author":1,"featured_media":1246,"parent":0,"menu_order":0,"comment_status":"closed","ping_status":"closed","template":"elementor_header_footer","meta":{"footnotes":""},"class_list":["post-614","page","type-page","status-publish","has-post-thumbnail","hentry","entry"],"_links":{"self":[{"href":"https:\/\/womenylab.org\/es\/wp-json\/wp\/v2\/pages\/614","targetHints":{"allow":["GET"]}}],"collection":[{"href":"https:\/\/womenylab.org\/es\/wp-json\/wp\/v2\/pages"}],"about":[{"href":"https:\/\/womenylab.org\/es\/wp-json\/wp\/v2\/types\/page"}],"author":[{"embeddable":true,"href":"https:\/\/womenylab.org\/es\/wp-json\/wp\/v2\/users\/1"}],"replies":[{"embeddable":true,"href":"https:\/\/womenylab.org\/es\/wp-json\/wp\/v2\/comments?post=614"}],"version-history":[{"count":59,"href":"https:\/\/womenylab.org\/es\/wp-json\/wp\/v2\/pages\/614\/revisions"}],"predecessor-version":[{"id":1323,"href":"https:\/\/womenylab.org\/es\/wp-json\/wp\/v2\/pages\/614\/revisions\/1323"}],"wp:featuredmedia":[{"embeddable":true,"href":"https:\/\/womenylab.org\/es\/wp-json\/wp\/v2\/media\/1246"}],"wp:attachment":[{"href":"https:\/\/womenylab.org\/es\/wp-json\/wp\/v2\/media?parent=614"}],"curies":[{"name":"wp","href":"https:\/\/api.w.org\/{rel}","templated":true}]}}