{"id":651,"date":"2023-12-08T09:32:36","date_gmt":"2023-12-08T09:32:36","guid":{"rendered":"https:\/\/haroon.biz\/dev\/greenwt\/?page_id=651"},"modified":"2024-01-03T13:43:11","modified_gmt":"2024-01-03T13:43:11","slug":"eco-technology-training-service-innovation-workshops","status":"publish","type":"page","link":"https:\/\/womenylab.org\/es\/eco-technology-training-service-innovation-workshops\/","title":{"rendered":"(English) Eco-Technology Training-Service-Innovation Workshops"},"content":{"rendered":"\t\t<div data-elementor-type=\"wp-page\" data-elementor-id=\"651\" class=\"elementor elementor-651\">\n\t\t\t\t\t\t<section class=\"elementor-section elementor-top-section elementor-element elementor-element-fe48459 elementor-section-full_width elementor-section-height-min-height elementor-section-height-default elementor-section-items-middle\" data-id=\"fe48459\" data-element_type=\"section\" data-settings=\"{&quot;background_background&quot;:&quot;classic&quot;}\">\n\t\t\t\t\t\t<div class=\"elementor-container elementor-column-gap-no\">\n\t\t\t\t\t<div class=\"elementor-column elementor-col-100 elementor-top-column elementor-element elementor-element-965a858\" data-id=\"965a858\" data-element_type=\"column\">\n\t\t\t<div class=\"elementor-widget-wrap\">\n\t\t\t\t\t\t\t<\/div>\n\t\t<\/div>\n\t\t\t\t\t<\/div>\n\t\t<\/section>\n\t\t\t\t<section class=\"elementor-section elementor-top-section elementor-element elementor-element-7acc220 elementor-section-boxed elementor-section-height-default elementor-section-height-default\" data-id=\"7acc220\" data-element_type=\"section\">\n\t\t\t\t\t\t<div class=\"elementor-container elementor-column-gap-default\">\n\t\t\t\t\t<div class=\"elementor-column elementor-col-100 elementor-top-column elementor-element elementor-element-c2e6bda\" data-id=\"c2e6bda\" data-element_type=\"column\">\n\t\t\t<div class=\"elementor-widget-wrap elementor-element-populated\">\n\t\t\t\t\t\t<section class=\"elementor-section elementor-inner-section elementor-element elementor-element-6fe0d7a elementor-section-boxed elementor-section-height-default elementor-section-height-default\" data-id=\"6fe0d7a\" data-element_type=\"section\">\n\t\t\t\t\t\t<div class=\"elementor-container elementor-column-gap-default\">\n\t\t\t\t\t<div class=\"elementor-column elementor-col-100 elementor-inner-column elementor-element elementor-element-95dd707\" data-id=\"95dd707\" data-element_type=\"column\">\n\t\t\t<div class=\"elementor-widget-wrap elementor-element-populated\">\n\t\t\t\t\t\t<div class=\"elementor-element elementor-element-5b27954 elementor-widget elementor-widget-heading\" data-id=\"5b27954\" data-element_type=\"widget\" data-widget_type=\"heading.default\">\n\t\t\t\t<div class=\"elementor-widget-container\">\n\t\t\t<style>\/*! elementor - v3.20.0 - 26-03-2024 *\/\n.elementor-heading-title{padding:0;margin:0;line-height:1}.elementor-widget-heading .elementor-heading-title[class*=elementor-size-]>a{color:inherit;font-size:inherit;line-height:inherit}.elementor-widget-heading .elementor-heading-title.elementor-size-small{font-size:15px}.elementor-widget-heading .elementor-heading-title.elementor-size-medium{font-size:19px}.elementor-widget-heading .elementor-heading-title.elementor-size-large{font-size:29px}.elementor-widget-heading .elementor-heading-title.elementor-size-xl{font-size:39px}.elementor-widget-heading .elementor-heading-title.elementor-size-xxl{font-size:59px}<\/style><h2 class=\"elementor-heading-title elementor-size-default\">\tTalleres de Eco-Tecnolog\u00edas (TET): Formaci\u00f3n-Servicio-Innovaci\u00f3n<\/h2>\t\t<\/div>\n\t\t\t\t<\/div>\n\t\t\t\t<div class=\"elementor-element elementor-element-47e7860 elementor-widget-mobile__width-inherit elementor-widget elementor-widget-text-editor\" data-id=\"47e7860\" data-element_type=\"widget\" data-widget_type=\"text-editor.default\">\n\t\t\t\t<div class=\"elementor-widget-container\">\n\t\t\t<style>\/*! elementor - v3.20.0 - 26-03-2024 *\/\n.elementor-widget-text-editor.elementor-drop-cap-view-stacked .elementor-drop-cap{background-color:#69727d;color:#fff}.elementor-widget-text-editor.elementor-drop-cap-view-framed .elementor-drop-cap{color:#69727d;border:3px solid;background-color:transparent}.elementor-widget-text-editor:not(.elementor-drop-cap-view-default) .elementor-drop-cap{margin-top:8px}.elementor-widget-text-editor:not(.elementor-drop-cap-view-default) .elementor-drop-cap-letter{width:1em;height:1em}.elementor-widget-text-editor .elementor-drop-cap{float:left;text-align:center;line-height:1;font-size:50px}.elementor-widget-text-editor .elementor-drop-cap-letter{display:inline-block}<\/style>\t\t\t\t\n<ul>\n \t<li><strong>Primera Fase:<\/strong><\/li>\n<\/ul>\n5 Talleres de Eco-Tecnolog\u00edas (TET) de Capacitaci\u00f3n-Servicio-Innovaci\u00f3n, adem\u00e1s de una Incubadora de Empresas y Espacios de trabajo conjunto (Co-Working).\n\n[Fase modular, implementaci\u00f3n evolutiva]\n<ul>\n \t<li style=\"list-style-type: none;\">\n<ul>\n \t<li style=\"list-style-type: none;\">\n<ul class=\"point-left\">\n \t<li>Incubadora de Empresas y Espacios de trabajo conjunto (Co-Working)\n<ul>\n \t<li>Identificaci\u00f3n, formulaci\u00f3n, evaluaci\u00f3n, incubaci\u00f3n, gesti\u00f3n, capacitaci\u00f3n, y monitoreo de nuevas empresas productivas (incluyendo Eco-Tecnolog\u00edas, servicios TIC\/Internet, aplicaciones de software, energ\u00edas renovables, reciclaje de agua, eco-construcci\u00f3n, agricultura\/productos org\u00e1nicos, nutrici\u00f3n, plantas medicinales)<\/li>\n \t<li>Escritorios, oficinas, salas de reuniones y espacios para eventos; servicios TIC\/Internet<\/li>\n<\/ul>\n<\/li>\n \t<li>Competencias digitales: servicios de Internet, comercio electr\u00f3nico, PC y redes; tel\u00e9fonos m\u00f3viles[capacitaci\u00f3n, instalaci\u00f3n, mantenimiento y reparaci\u00f3n]<\/li>\n \t<li>Mini-Sistemas Solares Fotovoltaicos\n[capacitaci\u00f3n, instalaci\u00f3n, mantenimiento y reparaci\u00f3n]<\/li>\n \t<li>Reciclaje de agua, Eco-Saneamiento y Recuperaci\u00f3n de agua de lluvia\n[capacitaci\u00f3n, instalaci\u00f3n, mantenimiento y reparaci\u00f3n]<\/li>\n \t<li>Reciclaje de desechos s\u00f3lidos y electr\u00f3nicos (econom\u00eda circular y procesamiento industrial)\n[capacitaci\u00f3n, instalaci\u00f3n, procesos de transformaci\u00f3n\/manufactura y mantenimiento]<\/li>\n \t<li>Construcci\u00f3n Ecol\u00f3gica\n[bajo costo, eficiencia energ\u00e9tica, materiales locales, sistemas de Eco-Construcci\u00f3n]\n[capacitaci\u00f3n, instalaci\u00f3n, mantenimiento y reparaci\u00f3n]<\/li>\n<\/ul>\n<\/li>\n<\/ul>\n<\/li>\n<\/ul>\nLos talleres TET se centran en el Aprendizaje Activo, Cr\u00edtico, Colaborativo y Transdisciplinario (AACCT), en tareas cognitivas, anal\u00edticas y de resoluci\u00f3n de problemas, y en habilidades interpersonales y de comunicaci\u00f3n.\n<ul>\n \t<li style=\"list-style-type: none;\">\n<ul>\n \t<li class=\"point-left-mobile\">Cursos\/Ciclos de Capacitaci\u00f3n en cada Taller de Eco-Tecnolog\u00edas de Formaci\u00f3n-Servicio-Innovaci\u00f3n\n<ul>\n \t<li>5 Cursos\/Ciclos de Capacitaci\u00f3n por a\u00f1o en cada Taller de Eco-Tecnolog\u00eda<\/li>\n \t<li>Curso: 160 horas de formaci\u00f3n pr\u00e1ctica y te\u00f3rica [4 horas\/d\u00eda, 40 d\u00edas, 8 semanas]<\/li>\n \t<li>20 mujeres y j\u00f3venes en cada Taller de Eco-Tecnolog\u00eda de Formaci\u00f3n-Servicio-Innovaci\u00f3n<\/li>\n \t<li>500 mujeres y j\u00f3venes capacitados por a\u00f1o en los Talleres del Centro de Eco-Tecnolog\u00edas\n[100 mujeres y j\u00f3venes capacitados por a\u00f1o en cada Taller]<\/li>\n \t<li>Los estudiantes reciben un Certificado TET de Competencias en Eco-Tecnolog\u00eda en la materia de cada Taller de Eco-Tecnolog\u00eda de Formaci\u00f3n-Servicio-Innovaci\u00f3n (niveles 1 a 3)<\/li>\n \t<li>\u2981 El Costo Unitario de Capacitaci\u00f3n para cada estudiante se puede cubrir de tres formas:\n<ul>\n \t<li>Contribuciones del gobierno y socios privados.<\/li>\n \t<li>Programa de ayuda financiera<\/li>\n \t<li>Pagos individuales<\/li>\n<\/ul>\n<\/li>\n<\/ul>\n<\/li>\n \t<li><strong> Segunda Fase<\/strong><\/li>\n<\/ul>\n<\/li>\n<\/ul>\n5 Talleres de Eco-Tecnolog\u00edas (TET) de Capacitaci\u00f3n-Servicio-Innovaci\u00f3n + Proyectos Productivos\n<ul>\n \t<li style=\"list-style-type: none;\">\n<ul class=\"point-left-mobile\">\n \t<li>Mini-Sistema de Turbinas de viento (VAWT)<\/li>\n \t<li>Drones UAV\/UAS<\/li>\n \t<li>e-Agricultura, e-comercio rural, seguridad alimentaria y nutrici\u00f3n<\/li>\n \t<li>Conservaci\u00f3n de la Biodiversidad<\/li>\n \t<li>Proyectos Productivos para el Desarrollo Sostenible Comunitario\n<ul>\n \t<li>&#8216;Mini-Refri&#8217;: refrigeradores sin energ\u00eda<\/li>\n \t<li>BeST &#8211; Bici e-Solar para Todos<\/li>\n \t<li>Litro de Luz y Energ\u00eda Solar<\/li>\n \t<li>Laptop-Pizarr\u00f3n<\/li>\n<\/ul>\n<\/li>\n<\/ul>\n<\/li>\n<\/ul>\n\t\t\t\t\t\t<\/div>\n\t\t\t\t<\/div>\n\t\t\t\t<div class=\"elementor-element elementor-element-65fdbe7 elementor-widget elementor-widget-text-editor\" data-id=\"65fdbe7\" data-element_type=\"widget\" data-widget_type=\"text-editor.default\">\n\t\t\t\t<div class=\"elementor-widget-container\">\n\t\t\t\t\t\t\t\t\t\t\t\t\t<\/div>\n\t\t\t\t<\/div>\n\t\t\t\t\t<\/div>\n\t\t<\/div>\n\t\t\t\t\t<\/div>\n\t\t<\/section>\n\t\t\t\t<div class=\"elementor-element elementor-element-ea71e1b elementor-widget elementor-widget-text-editor\" data-id=\"ea71e1b\" data-element_type=\"widget\" data-widget_type=\"text-editor.default\">\n\t\t\t\t<div class=\"elementor-widget-container\">\n\t\t\t\t\t\t\t\t\t\t\t\t\t<\/div>\n\t\t\t\t<\/div>\n\t\t\t\t\t<\/div>\n\t\t<\/div>\n\t\t\t\t\t<\/div>\n\t\t<\/section>\n\t\t\t\t<section class=\"elementor-section elementor-top-section elementor-element elementor-element-1ef1132 elementor-section-boxed elementor-section-height-default elementor-section-height-default\" data-id=\"1ef1132\" data-element_type=\"section\">\n\t\t\t\t\t\t<div class=\"elementor-container elementor-column-gap-default\">\n\t\t\t\t\t<div class=\"elementor-column elementor-col-100 elementor-top-column elementor-element elementor-element-2bc185d\" data-id=\"2bc185d\" data-element_type=\"column\">\n\t\t\t<div class=\"elementor-widget-wrap\">\n\t\t\t\t\t\t\t<\/div>\n\t\t<\/div>\n\t\t\t\t\t<\/div>\n\t\t<\/section>\n\t\t\t\t<section class=\"elementor-section elementor-top-section elementor-element elementor-element-75c6ea8 elementor-section-boxed elementor-section-height-default elementor-section-height-default\" data-id=\"75c6ea8\" data-element_type=\"section\">\n\t\t\t\t\t\t<div class=\"elementor-container elementor-column-gap-default\">\n\t\t\t\t\t<div class=\"elementor-column elementor-col-33 elementor-top-column elementor-element elementor-element-a4ac67b\" data-id=\"a4ac67b\" data-element_type=\"column\">\n\t\t\t<div class=\"elementor-widget-wrap elementor-element-populated\">\n\t\t\t\t\t\t<div class=\"elementor-element elementor-element-5e4e003 elementor-widget elementor-widget-image\" data-id=\"5e4e003\" data-element_type=\"widget\" data-widget_type=\"image.default\">\n\t\t\t\t<div class=\"elementor-widget-container\">\n\t\t\t<style>\/*! elementor - v3.20.0 - 26-03-2024 *\/\n.elementor-widget-image{text-align:center}.elementor-widget-image a{display:inline-block}.elementor-widget-image a img[src$=\".svg\"]{width:48px}.elementor-widget-image img{vertical-align:middle;display:inline-block}<\/style>\t\t\t\t\t\t\t\t\t\t<img decoding=\"async\" src=\"https:\/\/womenylab.org\/wp-content\/uploads\/elementor\/thumbs\/chelsea-WvusC5M-TM8-unsplash-scaled-qhrfiezgxkyci1lvwpntwm1k6z6nomuwoojef7os9g.jpg\" title=\"chelsea-WvusC5M-TM8-unsplash\" alt=\"chelsea-WvusC5M-TM8-unsplash\" loading=\"lazy\" \/>\t\t\t\t\t\t\t\t\t\t\t\t\t<\/div>\n\t\t\t\t<\/div>\n\t\t\t\t\t<\/div>\n\t\t<\/div>\n\t\t\t\t<div class=\"elementor-column elementor-col-33 elementor-top-column elementor-element elementor-element-bb5ac8a\" data-id=\"bb5ac8a\" data-element_type=\"column\">\n\t\t\t<div class=\"elementor-widget-wrap elementor-element-populated\">\n\t\t\t\t\t\t<div class=\"elementor-element elementor-element-ca88b24 elementor-widget elementor-widget-image\" data-id=\"ca88b24\" data-element_type=\"widget\" data-widget_type=\"image.default\">\n\t\t\t\t<div class=\"elementor-widget-container\">\n\t\t\t\t\t\t\t\t\t\t\t\t\t<img decoding=\"async\" src=\"https:\/\/womenylab.org\/wp-content\/uploads\/elementor\/thumbs\/Untitled-7-qhrfifxb4ezmtnkir82gh3t0sd20wbyn0t6vwhne38.png\" title=\"Untitled-7\" alt=\"Untitled-7\" loading=\"lazy\" \/>\t\t\t\t\t\t\t\t\t\t\t\t\t<\/div>\n\t\t\t\t<\/div>\n\t\t\t\t\t<\/div>\n\t\t<\/div>\n\t\t\t\t<div class=\"elementor-column elementor-col-33 elementor-top-column elementor-element elementor-element-65546db\" data-id=\"65546db\" data-element_type=\"column\">\n\t\t\t<div class=\"elementor-widget-wrap elementor-element-populated\">\n\t\t\t\t\t\t<div class=\"elementor-element elementor-element-3e79e59 elementor-widget elementor-widget-image\" data-id=\"3e79e59\" data-element_type=\"widget\" data-widget_type=\"image.default\">\n\t\t\t\t<div class=\"elementor-widget-container\">\n\t\t\t\t\t\t\t\t\t\t\t\t\t<img decoding=\"async\" src=\"https:\/\/womenylab.org\/wp-content\/uploads\/elementor\/thumbs\/WhatsApp-Image-2023-12-22-at-7.53.11-PM-1-qhrfiezgxkyci1lvwpntwm1k6z6nomuwoojef7os9g.jpeg\" title=\"WhatsApp Image 2023-12-22 at 7.53.11 PM (1)\" alt=\"WhatsApp Image 2023-12-22 at 7.53.11 PM (1)\" loading=\"lazy\" \/>\t\t\t\t\t\t\t\t\t\t\t\t\t<\/div>\n\t\t\t\t<\/div>\n\t\t\t\t\t<\/div>\n\t\t<\/div>\n\t\t\t\t\t<\/div>\n\t\t<\/section>\n\t\t\t\t<\/div>\n\t\t","protected":false},"excerpt":{"rendered":"<p>Talleres de Eco-Tecnolog\u00edas (TET): Formaci\u00f3n-Servicio-Innovaci\u00f3n Primera Fase: 5 Talleres de Eco-Tecnolog\u00edas (TET) de Capacitaci\u00f3n-Servicio-Innovaci\u00f3n, adem\u00e1s de una Incubadora de Empresas y Espacios de trabajo conjunto (Co-Working). [Fase modular, implementaci\u00f3n evolutiva] Incubadora de Empresas y Espacios de trabajo conjunto (Co-Working) Identificaci\u00f3n, formulaci\u00f3n, evaluaci\u00f3n, incubaci\u00f3n, gesti\u00f3n, capacitaci\u00f3n, y monitoreo de nuevas empresas productivas (incluyendo Eco-Tecnolog\u00edas, servicios TIC\/Internet,&hellip; <a class=\"more-link\" href=\"https:\/\/womenylab.org\/es\/eco-technology-training-service-innovation-workshops\/\">Seguir leyendo <span class=\"screen-reader-text\">(English) Eco-Technology Training-Service-Innovation Workshops<\/span><\/a><\/p>\n","protected":false},"author":1,"featured_media":1253,"parent":0,"menu_order":0,"comment_status":"closed","ping_status":"closed","template":"elementor_header_footer","meta":{"footnotes":""},"class_list":["post-651","page","type-page","status-publish","has-post-thumbnail","hentry","entry"],"_links":{"self":[{"href":"https:\/\/womenylab.org\/es\/wp-json\/wp\/v2\/pages\/651","targetHints":{"allow":["GET"]}}],"collection":[{"href":"https:\/\/womenylab.org\/es\/wp-json\/wp\/v2\/pages"}],"about":[{"href":"https:\/\/womenylab.org\/es\/wp-json\/wp\/v2\/types\/page"}],"author":[{"embeddable":true,"href":"https:\/\/womenylab.org\/es\/wp-json\/wp\/v2\/users\/1"}],"replies":[{"embeddable":true,"href":"https:\/\/womenylab.org\/es\/wp-json\/wp\/v2\/comments?post=651"}],"version-history":[{"count":441,"href":"https:\/\/womenylab.org\/es\/wp-json\/wp\/v2\/pages\/651\/revisions"}],"predecessor-version":[{"id":2015,"href":"https:\/\/womenylab.org\/es\/wp-json\/wp\/v2\/pages\/651\/revisions\/2015"}],"wp:featuredmedia":[{"embeddable":true,"href":"https:\/\/womenylab.org\/es\/wp-json\/wp\/v2\/media\/1253"}],"wp:attachment":[{"href":"https:\/\/womenylab.org\/es\/wp-json\/wp\/v2\/media?parent=651"}],"curies":[{"name":"wp","href":"https:\/\/api.w.org\/{rel}","templated":true}]}}