{"id":687,"date":"2023-12-11T08:34:59","date_gmt":"2023-12-11T08:34:59","guid":{"rendered":"https:\/\/haroon.biz\/dev\/greenwt\/?page_id=687"},"modified":"2024-01-03T09:05:34","modified_gmt":"2024-01-03T09:05:34","slug":"execution-schedule","status":"publish","type":"page","link":"https:\/\/womenylab.org\/es\/execution-schedule\/","title":{"rendered":"(English) Execution Schedule"},"content":{"rendered":"\t\t<div data-elementor-type=\"wp-page\" data-elementor-id=\"687\" class=\"elementor elementor-687\">\n\t\t\t\t\t\t<section class=\"elementor-section elementor-top-section elementor-element elementor-element-8e18b3d elementor-section-full_width elementor-section-height-min-height elementor-section-height-default elementor-section-items-middle\" data-id=\"8e18b3d\" data-element_type=\"section\" data-settings=\"{&quot;background_background&quot;:&quot;classic&quot;}\">\n\t\t\t\t\t\t<div class=\"elementor-container elementor-column-gap-no\">\n\t\t\t\t\t<div class=\"elementor-column elementor-col-100 elementor-top-column elementor-element elementor-element-fa8550e\" data-id=\"fa8550e\" data-element_type=\"column\">\n\t\t\t<div class=\"elementor-widget-wrap\">\n\t\t\t\t\t\t\t<\/div>\n\t\t<\/div>\n\t\t\t\t\t<\/div>\n\t\t<\/section>\n\t\t\t\t<section class=\"elementor-section elementor-top-section elementor-element elementor-element-3dd23a4 elementor-section-boxed elementor-section-height-default elementor-section-height-default\" data-id=\"3dd23a4\" data-element_type=\"section\">\n\t\t\t\t\t\t<div class=\"elementor-container elementor-column-gap-default\">\n\t\t\t\t\t<div class=\"elementor-column elementor-col-100 elementor-top-column elementor-element elementor-element-f43bab8\" data-id=\"f43bab8\" data-element_type=\"column\">\n\t\t\t<div class=\"elementor-widget-wrap elementor-element-populated\">\n\t\t\t\t\t\t<section class=\"elementor-section elementor-inner-section elementor-element elementor-element-3e3ebde elementor-section-boxed elementor-section-height-default elementor-section-height-default\" data-id=\"3e3ebde\" data-element_type=\"section\">\n\t\t\t\t\t\t<div class=\"elementor-container elementor-column-gap-default\">\n\t\t\t\t\t<div class=\"elementor-column elementor-col-100 elementor-inner-column elementor-element elementor-element-98942ca\" data-id=\"98942ca\" data-element_type=\"column\">\n\t\t\t<div class=\"elementor-widget-wrap elementor-element-populated\">\n\t\t\t\t\t\t<div class=\"elementor-element elementor-element-d9459ef elementor-widget elementor-widget-heading\" data-id=\"d9459ef\" data-element_type=\"widget\" data-widget_type=\"heading.default\">\n\t\t\t\t<div class=\"elementor-widget-container\">\n\t\t\t<style>\/*! elementor - v3.20.0 - 26-03-2024 *\/\n.elementor-heading-title{padding:0;margin:0;line-height:1}.elementor-widget-heading .elementor-heading-title[class*=elementor-size-]>a{color:inherit;font-size:inherit;line-height:inherit}.elementor-widget-heading .elementor-heading-title.elementor-size-small{font-size:15px}.elementor-widget-heading .elementor-heading-title.elementor-size-medium{font-size:19px}.elementor-widget-heading .elementor-heading-title.elementor-size-large{font-size:29px}.elementor-widget-heading .elementor-heading-title.elementor-size-xl{font-size:39px}.elementor-widget-heading .elementor-heading-title.elementor-size-xxl{font-size:59px}<\/style><h2 class=\"elementor-heading-title elementor-size-default\">Calendario de Ejecuci\u00f3n[:pbCalend\u00e1rio de Execu\u00e7\u00e3o]<\/h2>\t\t<\/div>\n\t\t\t\t<\/div>\n\t\t\t\t<div class=\"elementor-element elementor-element-7734564 elementor-widget elementor-widget-shortcode\" data-id=\"7734564\" data-element_type=\"widget\" data-widget_type=\"shortcode.default\">\n\t\t\t\t<div class=\"elementor-widget-container\">\n\t\t\t\t\t<div class=\"elementor-shortcode\"><!DOCTYPE html>\n<html>\n<head>\n<style>\ntable {\n  font-family: arial, sans-serif;\n  border-collapse: collapse;\n  width: 100%;\n}\n\ntd, th {\n  border: 1px solid #dddddd;\n  text-align: left;\n  padding: 8px;\n}\n\ntr:nth-child(even) {\n  background-color: #dddddd;\n}\n<\/style>\n<\/head>\n<body>\n\n\n\n<table>\n  <tr>\n    <th>ACTIVIDAD<\/th>\n    <th>PLAZOS<\/th>\n \n  <\/tr>\n  <tr>\n    <td><ul><li>Misi\u00f3n a San Jos\u00e9, a invitaci\u00f3n de organizaciones gubernamentales (1 semana).\n\n\n\n<\/li>Objetivos:<ul><li>Realizar reuniones con futuras instituciones y socios del Proyecto (tres ministerios, tres universidades, agencias internacionales de cooperaci\u00f3n t\u00e9cnica y financiera y ONG)\n<\/li><li>Integraci\u00f3n del Grupo T\u00e9cnico Interinstitucional del Proyecto WomenY-Lab local (aprox. 8 personas)\n<\/li><li>Firma de Memorandos de Entendimiento con tres ministerios, tres universidades, agencias de cooperaci\u00f3n t\u00e9cnica y financiera internacional y ONG\n<\/li>\n<li>Discutir el Calendario de Ejecuci\u00f3n del Proyecto WomenY-Lab<\/li><li>Gestionar el env\u00edo de cartas de tres Ministros dirigidas a organismos internacionales de cooperaci\u00f3n t\u00e9cnica y financiera<\/li><\/ul><\/ul><\/td>\n    <td>Jun 2024<\/td>\n\n  <\/tr>\n  <tr>\n    <td><ul><li>Presentaci\u00f3n y discusi\u00f3n del Proyecto WomenY-Lab con instituciones financieras internacionales para el desarrollo: establecimiento de contactos oficiales y realizaci\u00f3n de intercambios preliminares<\/li><ul><li>Banco Interamericano de Desarrollo (BID)<\/li><li>Corporaci\u00f3n Andina de Fomento (CAF)<\/li><li>Banco Mundial<\/li><li>\tAFD (Agencia Francesa de Desarrollo)<\/li><\/ul><\/ul><\/td>\n    \n \n  <\/tr>\n  <tr>\n    <td>Acondicionamiento de locales para el funcionamiento del Centro de Eco-Tecnolog\u00edas: Formaci\u00f3n-Servicio-Innovaci\u00f3n (CET) (1.200m\u00b2-Primera Fase)\n<\/td>\n    <td>Ene-Mar 2025<\/td>\n    \n  <\/tr>\n  <tr>\n    <td>Selecci\u00f3n y Reclutamiento: 5 Coordinadores de Taller, y Coordinador de Comunicaci\u00f3n y Marketing<\/td>\n    <td>Feb-Mar 2025<\/td>\n  \n  <\/tr>\n  <tr>\n    <td>Equipamiento de 5 Talleres de Eco-Tecnolog\u00edas de Capacitaci\u00f3n-Servicio-Innovaci\u00f3n (TET), adem\u00e1s de una Incubadora de Empresas y Espacios de trabajo conjunto (Co-Working)<\/td>\n    <td>Mar-Abr 2025<\/td>\n   \n  <\/tr>\n  <tr>\n    <td>Selecci\u00f3n y Formaci\u00f3n de formadores para los 5 Talleres de Eco-Tecnolog\u00edas<\/td>\n    <td>Abr-Jun 2025<\/td>\n   \n  <\/tr>\n   <tr>\n    <td>Dise\u00f1o e implementaci\u00f3n de un Sistema de Seguridad completo (personal, estudiantes\/pasantes, instalaciones, equipos)<\/td>\n    \n   \n  <\/tr>\n    <tr>\n    <td>Preparaci\u00f3n y lanzamiento del Programa de Capacitaci\u00f3n del CET [500 mujeres y j\u00f3venes capacitados por a\u00f1o en los Talleres del Centro de Eco-Tecnolog\u00edas]<\/td>\n   \n   \n  <\/tr>\n    <tr>\n    <td>Preparaci\u00f3n y lanzamiento del Programa de Servicios del CET<\/td>\n    \n   \n  <\/tr>\n    <tr>\n    <td><ul><li>Preparaci\u00f3n de proyectos y misiones oficiales de negociaci\u00f3n con instituciones financieras internacionales para el desarrollo<\/li><ul><li>Banco Interamericano de Desarrollo (BID)<\/li><li>Corporaci\u00f3n Andina de Fomento (CAF)<\/li><li>Banco Mundial<\/li><li>AFD (Agencia Francesa de Desarrollo)<\/li><\/ul><\/ul>\n\n<\/td>\n    \n   \n  <\/tr>\n    <tr>\n    <td>Inauguraci\u00f3n Oficial del Centro de Eco-Tecnolog\u00edas: Formaci\u00f3n-Servicio-Innovaci\u00f3n (CET)\n\n<\/td>\n   \n   \n  <\/tr>  <tr>\n    <td>Inicio de Cursos\/Ciclos de Capacitaci\u00f3n en cada Taller de Eco-Tecnolog\u00eda (8 semanas)\n\n<\/td>\n    \n   \n  <\/tr>\n    <tr>\n    <td>Desarrollo de Redes de Partenariado: Asociaciones empresariales y de productores; Sector p\u00fablico; Instituciones de educaci\u00f3n superior; Redes comunitarias\n<\/td>\n    \n  <\/tr>   \n    \n\n<\/table>\n\n<\/body>\n<\/html>\n\n<\/div>\n\t\t\t\t<\/div>\n\t\t\t\t<\/div>\n\t\t\t\t\t<\/div>\n\t\t<\/div>\n\t\t\t\t\t<\/div>\n\t\t<\/section>\n\t\t\t\t\t<\/div>\n\t\t<\/div>\n\t\t\t\t\t<\/div>\n\t\t<\/section>\n\t\t\t\t<section class=\"elementor-section elementor-top-section elementor-element elementor-element-12bd71e elementor-section-boxed elementor-section-height-default elementor-section-height-default\" data-id=\"12bd71e\" data-element_type=\"section\">\n\t\t\t\t\t\t<div class=\"elementor-container elementor-column-gap-default\">\n\t\t\t\t\t<div class=\"elementor-column elementor-col-50 elementor-top-column elementor-element elementor-element-5329834\" data-id=\"5329834\" data-element_type=\"column\">\n\t\t\t<div class=\"elementor-widget-wrap elementor-element-populated\">\n\t\t\t\t\t\t<div class=\"elementor-element elementor-element-5bd06d7 elementor-widget elementor-widget-image\" data-id=\"5bd06d7\" data-element_type=\"widget\" data-widget_type=\"image.default\">\n\t\t\t\t<div class=\"elementor-widget-container\">\n\t\t\t<style>\/*! elementor - v3.20.0 - 26-03-2024 *\/\n.elementor-widget-image{text-align:center}.elementor-widget-image a{display:inline-block}.elementor-widget-image a img[src$=\".svg\"]{width:48px}.elementor-widget-image img{vertical-align:middle;display:inline-block}<\/style>\t\t\t\t\t\t\t\t\t\t<img decoding=\"async\" src=\"https:\/\/womenylab.org\/wp-content\/uploads\/elementor\/thumbs\/Untitled-6-qhrfifx8m2p344sn7ywqiia3skeeoyeetbfi8j9u6a.png\" title=\"Untitled-6\" alt=\"Untitled-6\" loading=\"lazy\" \/>\t\t\t\t\t\t\t\t\t\t\t\t\t<\/div>\n\t\t\t\t<\/div>\n\t\t\t\t\t<\/div>\n\t\t<\/div>\n\t\t\t\t<div class=\"elementor-column elementor-col-50 elementor-top-column elementor-element elementor-element-9b3c5e7\" data-id=\"9b3c5e7\" data-element_type=\"column\">\n\t\t\t<div class=\"elementor-widget-wrap elementor-element-populated\">\n\t\t\t\t\t\t<div class=\"elementor-element elementor-element-dcf8528 elementor-widget elementor-widget-image\" data-id=\"dcf8528\" data-element_type=\"widget\" data-widget_type=\"image.default\">\n\t\t\t\t<div class=\"elementor-widget-container\">\n\t\t\t\t\t\t\t\t\t\t\t\t\t<img decoding=\"async\" src=\"https:\/\/womenylab.org\/wp-content\/uploads\/elementor\/thumbs\/3D-Printing-1-qhrfiezef8nssiu0dgi3y0in76j1h9aoh6s0r9b8ci.jpg\" title=\"3D-Printing-1\" alt=\"3D-Printing-1\" loading=\"lazy\" \/>\t\t\t\t\t\t\t\t\t\t\t\t\t<\/div>\n\t\t\t\t<\/div>\n\t\t\t\t\t<\/div>\n\t\t<\/div>\n\t\t\t\t\t<\/div>\n\t\t<\/section>\n\t\t\t\t<\/div>\n\t\t","protected":false},"excerpt":{"rendered":"<p>Calendario de Ejecuci\u00f3n[:pbCalend\u00e1rio de Execu\u00e7\u00e3o] ACTIVIDAD PLAZOS Misi\u00f3n a San Jos\u00e9, a invitaci\u00f3n de organizaciones gubernamentales (1 semana). Objetivos: Realizar reuniones con futuras instituciones y socios del Proyecto (tres ministerios, tres universidades, agencias internacionales de cooperaci\u00f3n t\u00e9cnica y financiera y ONG) Integraci\u00f3n del Grupo T\u00e9cnico Interinstitucional del Proyecto WomenY-Lab local (aprox. 8 personas) Firma de&hellip; <a class=\"more-link\" href=\"https:\/\/womenylab.org\/es\/execution-schedule\/\">Seguir leyendo <span class=\"screen-reader-text\">(English) Execution Schedule<\/span><\/a><\/p>\n","protected":false},"author":1,"featured_media":1226,"parent":0,"menu_order":0,"comment_status":"closed","ping_status":"closed","template":"elementor_header_footer","meta":{"footnotes":""},"class_list":["post-687","page","type-page","status-publish","has-post-thumbnail","hentry","entry"],"_links":{"self":[{"href":"https:\/\/womenylab.org\/es\/wp-json\/wp\/v2\/pages\/687","targetHints":{"allow":["GET"]}}],"collection":[{"href":"https:\/\/womenylab.org\/es\/wp-json\/wp\/v2\/pages"}],"about":[{"href":"https:\/\/womenylab.org\/es\/wp-json\/wp\/v2\/types\/page"}],"author":[{"embeddable":true,"href":"https:\/\/womenylab.org\/es\/wp-json\/wp\/v2\/users\/1"}],"replies":[{"embeddable":true,"href":"https:\/\/womenylab.org\/es\/wp-json\/wp\/v2\/comments?post=687"}],"version-history":[{"count":102,"href":"https:\/\/womenylab.org\/es\/wp-json\/wp\/v2\/pages\/687\/revisions"}],"predecessor-version":[{"id":1866,"href":"https:\/\/womenylab.org\/es\/wp-json\/wp\/v2\/pages\/687\/revisions\/1866"}],"wp:featuredmedia":[{"embeddable":true,"href":"https:\/\/womenylab.org\/es\/wp-json\/wp\/v2\/media\/1226"}],"wp:attachment":[{"href":"https:\/\/womenylab.org\/es\/wp-json\/wp\/v2\/media?parent=687"}],"curies":[{"name":"wp","href":"https:\/\/api.w.org\/{rel}","templated":true}]}}