{"id":563,"date":"2023-12-07T09:28:58","date_gmt":"2023-12-07T09:28:58","guid":{"rendered":"https:\/\/haroon.biz\/dev\/greenwt\/?page_id=563"},"modified":"2024-01-03T08:37:08","modified_gmt":"2024-01-03T08:37:08","slug":"description-context","status":"publish","type":"page","link":"https:\/\/womenylab.org\/fr\/description-context\/","title":{"rendered":"(English) Description &#038; context"},"content":{"rendered":"\t\t<div data-elementor-type=\"wp-page\" data-elementor-id=\"563\" class=\"elementor elementor-563\">\n\t\t\t\t\t\t<section class=\"elementor-section elementor-top-section elementor-element elementor-element-7f30073 elementor-section-full_width elementor-section-height-min-height elementor-section-height-default elementor-section-items-middle\" data-id=\"7f30073\" data-element_type=\"section\" data-settings=\"{&quot;background_background&quot;:&quot;classic&quot;}\">\n\t\t\t\t\t\t<div class=\"elementor-container elementor-column-gap-no\">\n\t\t\t\t\t<div class=\"elementor-column elementor-col-100 elementor-top-column elementor-element elementor-element-9d0aefe\" data-id=\"9d0aefe\" data-element_type=\"column\">\n\t\t\t<div class=\"elementor-widget-wrap\">\n\t\t\t\t\t\t\t<\/div>\n\t\t<\/div>\n\t\t\t\t\t<\/div>\n\t\t<\/section>\n\t\t\t\t<section class=\"elementor-section elementor-top-section elementor-element elementor-element-945c05c elementor-section-boxed elementor-section-height-default elementor-section-height-default\" data-id=\"945c05c\" data-element_type=\"section\">\n\t\t\t\t\t\t<div class=\"elementor-container elementor-column-gap-default\">\n\t\t\t\t\t<div class=\"elementor-column elementor-col-100 elementor-top-column elementor-element elementor-element-a83e752\" data-id=\"a83e752\" data-element_type=\"column\">\n\t\t\t<div class=\"elementor-widget-wrap elementor-element-populated\">\n\t\t\t\t\t\t<section class=\"elementor-section elementor-inner-section elementor-element elementor-element-2580d10 elementor-section-boxed elementor-section-height-default elementor-section-height-default\" data-id=\"2580d10\" data-element_type=\"section\">\n\t\t\t\t\t\t<div class=\"elementor-container elementor-column-gap-default\">\n\t\t\t\t\t<div class=\"elementor-column elementor-col-100 elementor-inner-column elementor-element elementor-element-02149a6\" data-id=\"02149a6\" data-element_type=\"column\">\n\t\t\t<div class=\"elementor-widget-wrap elementor-element-populated\">\n\t\t\t\t\t\t<div class=\"elementor-element elementor-element-de84c5f elementor-widget elementor-widget-heading\" data-id=\"de84c5f\" data-element_type=\"widget\" data-widget_type=\"heading.default\">\n\t\t\t\t<div class=\"elementor-widget-container\">\n\t\t\t<style>\/*! elementor - v3.20.0 - 26-03-2024 *\/\n.elementor-heading-title{padding:0;margin:0;line-height:1}.elementor-widget-heading .elementor-heading-title[class*=elementor-size-]>a{color:inherit;font-size:inherit;line-height:inherit}.elementor-widget-heading .elementor-heading-title.elementor-size-small{font-size:15px}.elementor-widget-heading .elementor-heading-title.elementor-size-medium{font-size:19px}.elementor-widget-heading .elementor-heading-title.elementor-size-large{font-size:29px}.elementor-widget-heading .elementor-heading-title.elementor-size-xl{font-size:39px}.elementor-widget-heading .elementor-heading-title.elementor-size-xxl{font-size:59px}<\/style><h2 class=\"elementor-heading-title elementor-size-default\">Description et contexte<\/h2>\t\t<\/div>\n\t\t\t\t<\/div>\n\t\t\t\t<div class=\"elementor-element elementor-element-06f0d15 elementor-widget elementor-widget-text-editor\" data-id=\"06f0d15\" data-element_type=\"widget\" data-widget_type=\"text-editor.default\">\n\t\t\t\t<div class=\"elementor-widget-container\">\n\t\t\t<style>\/*! elementor - v3.20.0 - 26-03-2024 *\/\n.elementor-widget-text-editor.elementor-drop-cap-view-stacked .elementor-drop-cap{background-color:#69727d;color:#fff}.elementor-widget-text-editor.elementor-drop-cap-view-framed .elementor-drop-cap{color:#69727d;border:3px solid;background-color:transparent}.elementor-widget-text-editor:not(.elementor-drop-cap-view-default) .elementor-drop-cap{margin-top:8px}.elementor-widget-text-editor:not(.elementor-drop-cap-view-default) .elementor-drop-cap-letter{width:1em;height:1em}.elementor-widget-text-editor .elementor-drop-cap{float:left;text-align:center;line-height:1;font-size:50px}.elementor-widget-text-editor .elementor-drop-cap-letter{display:inline-block}<\/style>\t\t\t\t<p>Le Projet WomenY-Lab&nbsp;: Emploi et innovation \u00c9co-Tech pour les femmes et les jeunes (WomenY-Lab) est centr\u00e9 sur l&rsquo;autonomisation des femmes et des Jeunes, l&#8217;emploi et l&rsquo;innovation dans les communaut\u00e9s rurales et urbaines-marginales.<\/p>\n<p>WomenY-Lab est un projet la\u00efque, transdisciplinaire, intersectoriel, int\u00e9gral, holistique visant au D\u00e9veloppement durable \u00e9cologique et \u00e9quitable ax\u00e9 sur la communaut\u00e9.&nbsp;<\/p>\n<div>\n<div>WomenY-Lab est focalis\u00e9 sur la cr\u00e9ation et fonctionnement des Centres d&rsquo;\u00c9co-Technologies: Formation-Service-Innovation (CET) pour les femmes et les jeunes, visant \u00e0 d\u00e9velopper des comp\u00e9tences professionnelles et d&rsquo;innovation:<\/div>\n<\/div>\n<div>&nbsp;<\/div>\n<ul>\n<li>Formation: des femmes et des jeunes des communaut\u00e9s rurales et urbaines-marginales, avec le support des services d&rsquo;Apprentissage En ligne<\/li>\n<li>Services: activit\u00e9s cr\u00e9atrices de revenus et t\u00e2ches techniques associ\u00e9s \u00e0 l&#8217;emploi (manufacture, installation, entretien et r\u00e9paration; incubateur d&rsquo;entreprises et espaces de Co-working)<\/li>\n<li>Innovation: innovations mineures\/incr\u00e9mentales relatives aux produits et proc\u00e9d\u00e9s de pr\u00e9production et de production\/services de petite et moyenne taille, \u00e0 l&rsquo;efficacit\u00e9 \u00e9nerg\u00e9tique, \u00e0 l&rsquo;utilisation efficace de mati\u00e8res premi\u00e8res, au transfert de technologie, et \u00e0 l&rsquo;impact \u00e9cologique<\/li><\/ul>\n<p><\/p>\t\t\t\t\t\t<\/div>\n\t\t\t\t<\/div>\n\t\t\t\t<div class=\"elementor-element elementor-element-9552984 elementor-widget elementor-widget-text-editor\" data-id=\"9552984\" data-element_type=\"widget\" data-widget_type=\"text-editor.default\">\n\t\t\t\t<div class=\"elementor-widget-container\">\n\t\t\t\t\t\t\t<p><span style=\"background-color: var(--global--color-background);\"><\/p>\t\t\t\t\t\t<\/div>\n\t\t\t\t<\/div>\n\t\t\t\t\t<\/div>\n\t\t<\/div>\n\t\t\t\t\t<\/div>\n\t\t<\/section>\n\t\t\t\t\t<\/div>\n\t\t<\/div>\n\t\t\t\t\t<\/div>\n\t\t<\/section>\n\t\t\t\t<section class=\"elementor-section elementor-top-section elementor-element elementor-element-ae1b5e3 elementor-section-boxed elementor-section-height-default elementor-section-height-default\" data-id=\"ae1b5e3\" data-element_type=\"section\">\n\t\t\t\t\t\t<div class=\"elementor-container elementor-column-gap-default\">\n\t\t\t\t\t<div class=\"elementor-column elementor-col-50 elementor-top-column elementor-element elementor-element-3e57253\" data-id=\"3e57253\" data-element_type=\"column\">\n\t\t\t<div class=\"elementor-widget-wrap elementor-element-populated\">\n\t\t\t\t\t\t<div class=\"elementor-element elementor-element-37f39f9 elementor-widget elementor-widget-text-editor\" data-id=\"37f39f9\" data-element_type=\"widget\" data-widget_type=\"text-editor.default\">\n\t\t\t\t<div class=\"elementor-widget-container\">\n\t\t\t\t\t\t\t<p><span style=\"background-color: var(--global--color-background);\">\u00c9co-Technologies (\u00c9co-Tech): impact \u00e9cologique presque-z\u00e9ro, efficacit\u00e9 \u00e9nerg\u00e9tique, utilisation efficace de ressources, open source, co\u00fbt-efficace, mat\u00e9riaux locaux, robustes, modulaires, r\u00e9parables, \u00e9volutives et reproductibles.<\/span><\/p><p>Les Ateliers du CET sont des espaces de Formation-Service-Innovation: \u00e9quipement et outils; zone d&rsquo;apprentissage\/enseignement; services commerciaux; bureau de recherche et conception (design); projets, prototypes et produits.<\/p><p><\/p>\t\t\t\t\t\t<\/div>\n\t\t\t\t<\/div>\n\t\t\t\t<div class=\"elementor-element elementor-element-896c086 elementor-widget elementor-widget-text-editor\" data-id=\"896c086\" data-element_type=\"widget\" data-widget_type=\"text-editor.default\">\n\t\t\t\t<div class=\"elementor-widget-container\">\n\t\t\t\t\t\t\t<p><span style=\"background-color: var(--global--color-background);\"><\/p>\t\t\t\t\t\t<\/div>\n\t\t\t\t<\/div>\n\t\t\t\t\t<\/div>\n\t\t<\/div>\n\t\t\t\t<div class=\"elementor-column elementor-col-50 elementor-top-column elementor-element elementor-element-f683c8d\" data-id=\"f683c8d\" data-element_type=\"column\">\n\t\t\t<div class=\"elementor-widget-wrap elementor-element-populated\">\n\t\t\t\t\t\t<div class=\"elementor-element elementor-element-01a4e13 elementor-widget elementor-widget-image\" data-id=\"01a4e13\" data-element_type=\"widget\" data-widget_type=\"image.default\">\n\t\t\t\t<div class=\"elementor-widget-container\">\n\t\t\t<style>\/*! elementor - v3.20.0 - 26-03-2024 *\/\n.elementor-widget-image{text-align:center}.elementor-widget-image a{display:inline-block}.elementor-widget-image a img[src$=\".svg\"]{width:48px}.elementor-widget-image img{vertical-align:middle;display:inline-block}<\/style>\t\t\t\t\t\t\t\t\t\t<img fetchpriority=\"high\" decoding=\"async\" width=\"329\" height=\"320\" src=\"https:\/\/womenylab.org\/wp-content\/uploads\/2024\/01\/Untitled-1.png\" class=\"attachment-large size-large wp-image-1844\" alt=\"\" srcset=\"https:\/\/womenylab.org\/wp-content\/uploads\/2024\/01\/Untitled-1.png 329w, https:\/\/womenylab.org\/wp-content\/uploads\/2024\/01\/Untitled-1-300x292.png 300w\" sizes=\"(max-width: 329px) 100vw, 329px\" style=\"width:100%;height:97.26%;max-width:329px\" \/>\t\t\t\t\t\t\t\t\t\t\t\t\t<\/div>\n\t\t\t\t<\/div>\n\t\t\t\t\t<\/div>\n\t\t<\/div>\n\t\t\t\t\t<\/div>\n\t\t<\/section>\n\t\t\t\t<\/div>\n\t\t","protected":false},"excerpt":{"rendered":"<p>Description et contexte Le Projet WomenY-Lab&nbsp;: Emploi et innovation \u00c9co-Tech pour les femmes et les jeunes (WomenY-Lab) est centr\u00e9 sur l&rsquo;autonomisation des femmes et des Jeunes, l&#8217;emploi et l&rsquo;innovation dans les communaut\u00e9s rurales et urbaines-marginales. WomenY-Lab est un projet la\u00efque, transdisciplinaire, intersectoriel, int\u00e9gral, holistique visant au D\u00e9veloppement durable \u00e9cologique et \u00e9quitable ax\u00e9 sur la communaut\u00e9.&nbsp;&hellip; <a class=\"more-link\" href=\"https:\/\/womenylab.org\/fr\/description-context\/\">Poursuivre la lecture <span class=\"screen-reader-text\">(English) Description &#038; context<\/span><\/a><\/p>\n","protected":false},"author":1,"featured_media":1226,"parent":0,"menu_order":0,"comment_status":"closed","ping_status":"closed","template":"elementor_header_footer","meta":{"footnotes":""},"class_list":["post-563","page","type-page","status-publish","has-post-thumbnail","hentry","entry"],"_links":{"self":[{"href":"https:\/\/womenylab.org\/fr\/wp-json\/wp\/v2\/pages\/563","targetHints":{"allow":["GET"]}}],"collection":[{"href":"https:\/\/womenylab.org\/fr\/wp-json\/wp\/v2\/pages"}],"about":[{"href":"https:\/\/womenylab.org\/fr\/wp-json\/wp\/v2\/types\/page"}],"author":[{"embeddable":true,"href":"https:\/\/womenylab.org\/fr\/wp-json\/wp\/v2\/users\/1"}],"replies":[{"embeddable":true,"href":"https:\/\/womenylab.org\/fr\/wp-json\/wp\/v2\/comments?post=563"}],"version-history":[{"count":179,"href":"https:\/\/womenylab.org\/fr\/wp-json\/wp\/v2\/pages\/563\/revisions"}],"predecessor-version":[{"id":1855,"href":"https:\/\/womenylab.org\/fr\/wp-json\/wp\/v2\/pages\/563\/revisions\/1855"}],"wp:featuredmedia":[{"embeddable":true,"href":"https:\/\/womenylab.org\/fr\/wp-json\/wp\/v2\/media\/1226"}],"wp:attachment":[{"href":"https:\/\/womenylab.org\/fr\/wp-json\/wp\/v2\/media?parent=563"}],"curies":[{"name":"wp","href":"https:\/\/api.w.org\/{rel}","templated":true}]}}