{"id":614,"date":"2023-12-07T10:13:11","date_gmt":"2023-12-07T10:13:11","guid":{"rendered":"https:\/\/haroon.biz\/dev\/greenwt\/?page_id=614"},"modified":"2023-12-19T08:48:13","modified_gmt":"2023-12-19T08:48:13","slug":"womeny-lab-project-objectives","status":"publish","type":"page","link":"https:\/\/womenylab.org\/fr\/womeny-lab-project-objectives\/","title":{"rendered":"(English) WomenY-Lab Project Objectives"},"content":{"rendered":"\t\t<div data-elementor-type=\"wp-page\" data-elementor-id=\"614\" class=\"elementor elementor-614\">\n\t\t\t\t\t\t<section class=\"elementor-section elementor-top-section elementor-element elementor-element-39fe41a elementor-section-full_width elementor-section-height-min-height elementor-section-height-default elementor-section-items-middle\" data-id=\"39fe41a\" data-element_type=\"section\" data-settings=\"{&quot;background_background&quot;:&quot;classic&quot;}\">\n\t\t\t\t\t\t<div class=\"elementor-container elementor-column-gap-no\">\n\t\t\t\t\t<div class=\"elementor-column elementor-col-100 elementor-top-column elementor-element elementor-element-6ed0c1d\" data-id=\"6ed0c1d\" data-element_type=\"column\">\n\t\t\t<div class=\"elementor-widget-wrap\">\n\t\t\t\t\t\t\t<\/div>\n\t\t<\/div>\n\t\t\t\t\t<\/div>\n\t\t<\/section>\n\t\t\t\t<section class=\"elementor-section elementor-top-section elementor-element elementor-element-5535f43 elementor-section-boxed elementor-section-height-default elementor-section-height-default\" data-id=\"5535f43\" data-element_type=\"section\">\n\t\t\t\t\t\t<div class=\"elementor-container elementor-column-gap-default\">\n\t\t\t\t\t<div class=\"elementor-column elementor-col-100 elementor-top-column elementor-element elementor-element-b0c754f\" data-id=\"b0c754f\" data-element_type=\"column\">\n\t\t\t<div class=\"elementor-widget-wrap elementor-element-populated\">\n\t\t\t\t\t\t<section class=\"elementor-section elementor-inner-section elementor-element elementor-element-ba552ab elementor-section-boxed elementor-section-height-default elementor-section-height-default\" data-id=\"ba552ab\" data-element_type=\"section\">\n\t\t\t\t\t\t<div class=\"elementor-container elementor-column-gap-default\">\n\t\t\t\t\t<div class=\"elementor-column elementor-col-100 elementor-inner-column elementor-element elementor-element-482be59\" data-id=\"482be59\" data-element_type=\"column\">\n\t\t\t<div class=\"elementor-widget-wrap elementor-element-populated\">\n\t\t\t\t\t\t<div class=\"elementor-element elementor-element-8ad5d40 elementor-widget elementor-widget-heading\" data-id=\"8ad5d40\" data-element_type=\"widget\" data-widget_type=\"heading.default\">\n\t\t\t\t<div class=\"elementor-widget-container\">\n\t\t\t<style>\/*! elementor - v3.20.0 - 26-03-2024 *\/\n.elementor-heading-title{padding:0;margin:0;line-height:1}.elementor-widget-heading .elementor-heading-title[class*=elementor-size-]>a{color:inherit;font-size:inherit;line-height:inherit}.elementor-widget-heading .elementor-heading-title.elementor-size-small{font-size:15px}.elementor-widget-heading .elementor-heading-title.elementor-size-medium{font-size:19px}.elementor-widget-heading .elementor-heading-title.elementor-size-large{font-size:29px}.elementor-widget-heading .elementor-heading-title.elementor-size-xl{font-size:39px}.elementor-widget-heading .elementor-heading-title.elementor-size-xxl{font-size:59px}<\/style><h2 class=\"elementor-heading-title elementor-size-default\">Objectifs du projet WomenY-Lab<\/h2>\t\t<\/div>\n\t\t\t\t<\/div>\n\t\t\t\t<div class=\"elementor-element elementor-element-4d6d111 elementor-widget elementor-widget-text-editor\" data-id=\"4d6d111\" data-element_type=\"widget\" data-widget_type=\"text-editor.default\">\n\t\t\t\t<div class=\"elementor-widget-container\">\n\t\t\t<style>\/*! elementor - v3.20.0 - 26-03-2024 *\/\n.elementor-widget-text-editor.elementor-drop-cap-view-stacked .elementor-drop-cap{background-color:#69727d;color:#fff}.elementor-widget-text-editor.elementor-drop-cap-view-framed .elementor-drop-cap{color:#69727d;border:3px solid;background-color:transparent}.elementor-widget-text-editor:not(.elementor-drop-cap-view-default) .elementor-drop-cap{margin-top:8px}.elementor-widget-text-editor:not(.elementor-drop-cap-view-default) .elementor-drop-cap-letter{width:1em;height:1em}.elementor-widget-text-editor .elementor-drop-cap{float:left;text-align:center;line-height:1;font-size:50px}.elementor-widget-text-editor .elementor-drop-cap-letter{display:inline-block}<\/style>\t\t\t\t<p><b>Objectif g\u00e9n\u00e9ral<\/b><\/p>\n<p>\u2981&nbsp;<span style=\"background-color: var(--global--color-background);\">G\u00e9n\u00e9rer des revenus, cr\u00e9er des emplois, autonomiser les femmes et les jeunes, et contribuer \u00e0 l&rsquo;am\u00e9lioration des conditions et la qualit\u00e9 de vie dans les communaut\u00e9s rurales et urbaines-marginales<\/span><\/p>\n<div><b>Objectifs sp\u00e9cifiques<\/b><\/div>\n<p><b>\u2981&nbsp;<\/b><span style=\"background-color: var(--global--color-background);\">\u00c9tablir des Centres d&rsquo;\u00c9co-Technologies: Formation-Service-Innovation (CET) \u00e0: Lom\u00e9, et autres villes du Togo<\/span><\/p>\n<p>\u2981&nbsp;<span style=\"background-color: var(--global--color-background);\">\u00c9tablir un noyau de 10 Ateliers d&rsquo;\u00c9co-Technologies de Formation-Service-Innovation (AET), en plus de un Incubateur d&rsquo;entreprises et des espaces de Co-working<\/span><\/p>\n<p>\u2981&nbsp;<span style=\"background-color: var(--global--color-background);\">R\u00e9pondre \u00e0 la demande de formation technique<\/span><\/p>\n<p>\u2981&nbsp;<span style=\"background-color: var(--global--color-background);\">Contribuer \u00e0 augmenter la productivit\u00e9 des producteurs ruraux et urbains<\/span><\/p>\n<p>\u2981 D\u00e9velopper la cr\u00e9ation de nouvelles entreprises [Cr\u00e9ations d&rsquo;entreprises]<\/p>\n<p>\u2981&nbsp;<span style=\"background-color: var(--global--color-background);\">Identifier, formuler, \u00e9valuer, incuber, g\u00e9rer et soutenir des Projets Productifs pour le D\u00e9veloppement Durable communautaire, dont le transfert et l&rsquo;adaptation des \u00c9co-technologies<\/span><\/p>\n<p>\u2981&nbsp;<span style=\"background-color: var(--global--color-background);\">D\u00e9velopper un Syst\u00e8me d&rsquo;Apprentissage en ligne au CET<\/span><\/p>\n<p>\u2981&nbsp;<span style=\"background-color: var(--global--color-background);\">D\u00e9velopper des R\u00e9seaux de Partenariats: Partenariats d&rsquo;affaires et avec les producteurs; Secteur public; \u00c9tablissements d&rsquo;enseignement sup\u00e9rieur; R\u00e9seaux communautaires<\/span><\/p>\n<p><\/p>\n<p>\u2981&nbsp;<span style=\"background-color: var(--global--color-background);\">\u00c9tablir des Alliances et des Programmes de Collaboration avec d&rsquo;autres centres d&rsquo;innovation et Fab Labs au niveau national et international<\/span><\/p>\n<p><b>&nbsp;<\/b><\/p>\n<p><\/p>\t\t\t\t\t\t<\/div>\n\t\t\t\t<\/div>\n\t\t\t\t<div class=\"elementor-element elementor-element-d87a68c elementor-widget elementor-widget-text-editor\" data-id=\"d87a68c\" data-element_type=\"widget\" data-widget_type=\"text-editor.default\">\n\t\t\t\t<div class=\"elementor-widget-container\">\n\t\t\t\t\t\t\t<p><span style=\"background-color: var(--global--color-background);\"><\/p><div>\u00a0<\/div>\t\t\t\t\t\t<\/div>\n\t\t\t\t<\/div>\n\t\t\t\t\t<\/div>\n\t\t<\/div>\n\t\t\t\t\t<\/div>\n\t\t<\/section>\n\t\t\t\t\t<\/div>\n\t\t<\/div>\n\t\t\t\t\t<\/div>\n\t\t<\/section>\n\t\t\t\t<section class=\"elementor-section elementor-top-section elementor-element elementor-element-857c7c0 elementor-section-boxed elementor-section-height-default elementor-section-height-default\" data-id=\"857c7c0\" data-element_type=\"section\">\n\t\t\t\t\t\t<div class=\"elementor-container elementor-column-gap-default\">\n\t\t\t\t\t<div class=\"elementor-column elementor-col-33 elementor-top-column elementor-element elementor-element-7fd3121\" data-id=\"7fd3121\" data-element_type=\"column\">\n\t\t\t<div class=\"elementor-widget-wrap elementor-element-populated\">\n\t\t\t\t\t\t<div class=\"elementor-element elementor-element-df70578 elementor-widget elementor-widget-image\" data-id=\"df70578\" data-element_type=\"widget\" data-widget_type=\"image.default\">\n\t\t\t\t<div class=\"elementor-widget-container\">\n\t\t\t<style>\/*! elementor - v3.20.0 - 26-03-2024 *\/\n.elementor-widget-image{text-align:center}.elementor-widget-image a{display:inline-block}.elementor-widget-image a img[src$=\".svg\"]{width:48px}.elementor-widget-image img{vertical-align:middle;display:inline-block}<\/style>\t\t\t\t\t\t\t\t\t\t<img decoding=\"async\" src=\"https:\/\/womenylab.org\/wp-content\/uploads\/elementor\/thumbs\/helena-lopes-1m2LQEonm2A-unsplash-scaled-qhrfiezgxkyci1lvwpntwm1k6z6nomuwoojef7os9g.jpg\" title=\"helena-lopes-1m2LQEonm2A-unsplash\" alt=\"helena-lopes-1m2LQEonm2A-unsplash\" loading=\"lazy\" \/>\t\t\t\t\t\t\t\t\t\t\t\t\t<\/div>\n\t\t\t\t<\/div>\n\t\t\t\t\t<\/div>\n\t\t<\/div>\n\t\t\t\t<div class=\"elementor-column elementor-col-33 elementor-top-column elementor-element elementor-element-9b2ce04\" data-id=\"9b2ce04\" data-element_type=\"column\">\n\t\t\t<div class=\"elementor-widget-wrap elementor-element-populated\">\n\t\t\t\t\t\t<div class=\"elementor-element elementor-element-474ac02 elementor-widget elementor-widget-image\" data-id=\"474ac02\" data-element_type=\"widget\" data-widget_type=\"image.default\">\n\t\t\t\t<div class=\"elementor-widget-container\">\n\t\t\t\t\t\t\t\t\t\t\t\t\t<img decoding=\"async\" src=\"https:\/\/womenylab.org\/wp-content\/uploads\/elementor\/thumbs\/austin-distel-rxpThOwuVgE-unsplash-scaled-qhrfiezgxkyci1lvwpntwm1k6z6nomuwoojef7os9g.jpg\" title=\"austin-distel-rxpThOwuVgE-unsplash\" alt=\"austin-distel-rxpThOwuVgE-unsplash\" loading=\"lazy\" \/>\t\t\t\t\t\t\t\t\t\t\t\t\t<\/div>\n\t\t\t\t<\/div>\n\t\t\t\t\t<\/div>\n\t\t<\/div>\n\t\t\t\t<div class=\"elementor-column elementor-col-33 elementor-top-column elementor-element elementor-element-6fad4fc\" data-id=\"6fad4fc\" data-element_type=\"column\">\n\t\t\t<div class=\"elementor-widget-wrap elementor-element-populated\">\n\t\t\t\t\t\t<div class=\"elementor-element elementor-element-6844ccc elementor-widget elementor-widget-image\" data-id=\"6844ccc\" data-element_type=\"widget\" data-widget_type=\"image.default\">\n\t\t\t\t<div class=\"elementor-widget-container\">\n\t\t\t\t\t\t\t\t\t\t\t\t\t<img decoding=\"async\" src=\"https:\/\/womenylab.org\/wp-content\/uploads\/elementor\/thumbs\/annie-spratt-hCb3lIB8L8E-unsplash-scaled-qhrfiezgxkyci1lvwpntwm1k6z6nomuwoojef7os9g.jpg\" title=\"annie-spratt-hCb3lIB8L8E-unsplash\" alt=\"annie-spratt-hCb3lIB8L8E-unsplash\" loading=\"lazy\" \/>\t\t\t\t\t\t\t\t\t\t\t\t\t<\/div>\n\t\t\t\t<\/div>\n\t\t\t\t\t<\/div>\n\t\t<\/div>\n\t\t\t\t\t<\/div>\n\t\t<\/section>\n\t\t\t\t<\/div>\n\t\t","protected":false},"excerpt":{"rendered":"<p>Objectifs du projet WomenY-Lab Objectif g\u00e9n\u00e9ral \u2981&nbsp;G\u00e9n\u00e9rer des revenus, cr\u00e9er des emplois, autonomiser les femmes et les jeunes, et contribuer \u00e0 l&rsquo;am\u00e9lioration des conditions et la qualit\u00e9 de vie dans les communaut\u00e9s rurales et urbaines-marginales Objectifs sp\u00e9cifiques \u2981&nbsp;\u00c9tablir des Centres d&rsquo;\u00c9co-Technologies: Formation-Service-Innovation (CET) \u00e0: Lom\u00e9, et autres villes du Togo \u2981&nbsp;\u00c9tablir un noyau de 10&hellip; <a class=\"more-link\" href=\"https:\/\/womenylab.org\/fr\/womeny-lab-project-objectives\/\">Poursuivre la lecture <span class=\"screen-reader-text\">(English) WomenY-Lab Project Objectives<\/span><\/a><\/p>\n","protected":false},"author":1,"featured_media":1246,"parent":0,"menu_order":0,"comment_status":"closed","ping_status":"closed","template":"elementor_header_footer","meta":{"footnotes":""},"class_list":["post-614","page","type-page","status-publish","has-post-thumbnail","hentry","entry"],"_links":{"self":[{"href":"https:\/\/womenylab.org\/fr\/wp-json\/wp\/v2\/pages\/614","targetHints":{"allow":["GET"]}}],"collection":[{"href":"https:\/\/womenylab.org\/fr\/wp-json\/wp\/v2\/pages"}],"about":[{"href":"https:\/\/womenylab.org\/fr\/wp-json\/wp\/v2\/types\/page"}],"author":[{"embeddable":true,"href":"https:\/\/womenylab.org\/fr\/wp-json\/wp\/v2\/users\/1"}],"replies":[{"embeddable":true,"href":"https:\/\/womenylab.org\/fr\/wp-json\/wp\/v2\/comments?post=614"}],"version-history":[{"count":59,"href":"https:\/\/womenylab.org\/fr\/wp-json\/wp\/v2\/pages\/614\/revisions"}],"predecessor-version":[{"id":1323,"href":"https:\/\/womenylab.org\/fr\/wp-json\/wp\/v2\/pages\/614\/revisions\/1323"}],"wp:featuredmedia":[{"embeddable":true,"href":"https:\/\/womenylab.org\/fr\/wp-json\/wp\/v2\/media\/1246"}],"wp:attachment":[{"href":"https:\/\/womenylab.org\/fr\/wp-json\/wp\/v2\/media?parent=614"}],"curies":[{"name":"wp","href":"https:\/\/api.w.org\/{rel}","templated":true}]}}