{"id":651,"date":"2023-12-08T09:32:36","date_gmt":"2023-12-08T09:32:36","guid":{"rendered":"https:\/\/haroon.biz\/dev\/greenwt\/?page_id=651"},"modified":"2024-01-03T13:43:11","modified_gmt":"2024-01-03T13:43:11","slug":"eco-technology-training-service-innovation-workshops","status":"publish","type":"page","link":"https:\/\/womenylab.org\/fr\/eco-technology-training-service-innovation-workshops\/","title":{"rendered":"(English) Eco-Technology Training-Service-Innovation Workshops"},"content":{"rendered":"\t\t<div data-elementor-type=\"wp-page\" data-elementor-id=\"651\" class=\"elementor elementor-651\">\n\t\t\t\t\t\t<section class=\"elementor-section elementor-top-section elementor-element elementor-element-fe48459 elementor-section-full_width elementor-section-height-min-height elementor-section-height-default elementor-section-items-middle\" data-id=\"fe48459\" data-element_type=\"section\" data-settings=\"{&quot;background_background&quot;:&quot;classic&quot;}\">\n\t\t\t\t\t\t<div class=\"elementor-container elementor-column-gap-no\">\n\t\t\t\t\t<div class=\"elementor-column elementor-col-100 elementor-top-column elementor-element elementor-element-965a858\" data-id=\"965a858\" data-element_type=\"column\">\n\t\t\t<div class=\"elementor-widget-wrap\">\n\t\t\t\t\t\t\t<\/div>\n\t\t<\/div>\n\t\t\t\t\t<\/div>\n\t\t<\/section>\n\t\t\t\t<section class=\"elementor-section elementor-top-section elementor-element elementor-element-7acc220 elementor-section-boxed elementor-section-height-default elementor-section-height-default\" data-id=\"7acc220\" data-element_type=\"section\">\n\t\t\t\t\t\t<div class=\"elementor-container elementor-column-gap-default\">\n\t\t\t\t\t<div class=\"elementor-column elementor-col-100 elementor-top-column elementor-element elementor-element-c2e6bda\" data-id=\"c2e6bda\" data-element_type=\"column\">\n\t\t\t<div class=\"elementor-widget-wrap elementor-element-populated\">\n\t\t\t\t\t\t<section class=\"elementor-section elementor-inner-section elementor-element elementor-element-6fe0d7a elementor-section-boxed elementor-section-height-default elementor-section-height-default\" data-id=\"6fe0d7a\" data-element_type=\"section\">\n\t\t\t\t\t\t<div class=\"elementor-container elementor-column-gap-default\">\n\t\t\t\t\t<div class=\"elementor-column elementor-col-100 elementor-inner-column elementor-element elementor-element-95dd707\" data-id=\"95dd707\" data-element_type=\"column\">\n\t\t\t<div class=\"elementor-widget-wrap elementor-element-populated\">\n\t\t\t\t\t\t<div class=\"elementor-element elementor-element-5b27954 elementor-widget elementor-widget-heading\" data-id=\"5b27954\" data-element_type=\"widget\" data-widget_type=\"heading.default\">\n\t\t\t\t<div class=\"elementor-widget-container\">\n\t\t\t<style>\/*! elementor - v3.20.0 - 26-03-2024 *\/\n.elementor-heading-title{padding:0;margin:0;line-height:1}.elementor-widget-heading .elementor-heading-title[class*=elementor-size-]>a{color:inherit;font-size:inherit;line-height:inherit}.elementor-widget-heading .elementor-heading-title.elementor-size-small{font-size:15px}.elementor-widget-heading .elementor-heading-title.elementor-size-medium{font-size:19px}.elementor-widget-heading .elementor-heading-title.elementor-size-large{font-size:29px}.elementor-widget-heading .elementor-heading-title.elementor-size-xl{font-size:39px}.elementor-widget-heading .elementor-heading-title.elementor-size-xxl{font-size:59px}<\/style><h2 class=\"elementor-heading-title elementor-size-default\">Ateliers d'\u00c9co-Technologies (AET): Formation-Service-Innovation<\/h2>\t\t<\/div>\n\t\t\t\t<\/div>\n\t\t\t\t<div class=\"elementor-element elementor-element-47e7860 elementor-widget-mobile__width-inherit elementor-widget elementor-widget-text-editor\" data-id=\"47e7860\" data-element_type=\"widget\" data-widget_type=\"text-editor.default\">\n\t\t\t\t<div class=\"elementor-widget-container\">\n\t\t\t<style>\/*! elementor - v3.20.0 - 26-03-2024 *\/\n.elementor-widget-text-editor.elementor-drop-cap-view-stacked .elementor-drop-cap{background-color:#69727d;color:#fff}.elementor-widget-text-editor.elementor-drop-cap-view-framed .elementor-drop-cap{color:#69727d;border:3px solid;background-color:transparent}.elementor-widget-text-editor:not(.elementor-drop-cap-view-default) .elementor-drop-cap{margin-top:8px}.elementor-widget-text-editor:not(.elementor-drop-cap-view-default) .elementor-drop-cap-letter{width:1em;height:1em}.elementor-widget-text-editor .elementor-drop-cap{float:left;text-align:center;line-height:1;font-size:50px}.elementor-widget-text-editor .elementor-drop-cap-letter{display:inline-block}<\/style>\t\t\t\t\n<ul>\n \t<li style=\"list-style-type: none;\">\n<ul>\n \t<li><strong>Phase I:<\/strong><\/li>\n<\/ul>\n<\/li>\n \t<li style=\"list-style-type: none;\">5 Ateliers d&rsquo;\u00c9co-Technologies (AET) de Formation-Service-Innovation, en plus d&rsquo;un Incubateur d&rsquo;entreprises et des espaces de Co-working\n[Phase modulaire, mise en \u0153uvre \u00e9volutive]<\/li>\n<\/ul>\n<ul>\n \t<li style=\"list-style-type: none;\">\n<ul>\n \t<li style=\"list-style-type: none;\">\n<ul class=\"point-left\">\n \t<li>Incubateur d&rsquo;entreprise et espaces Co-working\n<ul>\n \t<li>Identification, formulation, \u00e9valuation, incubation, gestion, formation, et suivi des start-ups productifs (\u00c9co-Technologies, services TIC\/Internet, applications logicielles, \u00e9nergies renouvelables, recyclage de l&rsquo;eau, \u00c9co-construction, agriculture biologique, nutrition, plantes m\u00e9dicinales)<\/li>\n \t<li>Bureaux, salles de r\u00e9union et espaces \u00e9v\u00e9nementiels; services TIC\/Internet<\/li>\n<\/ul>\n<\/li>\n \t<li>Comp\u00e9tences num\u00e9riques: Services Internet, e-commerce, r\u00e9seaux PC; t\u00e9l\u00e9phones mobiles[formation, installation, entretien et r\u00e9paration]<\/li>\n \t<li>Mini-Syst\u00e8mes Solaires photovolta\u00efques\n[formation, installation, entretien et r\u00e9paration]<\/li>\n \t<li>\u00c9co-Assainissement (Recyclage de l&rsquo;eau) et R\u00e9cup\u00e9ration de l&rsquo;eau de pluie[processus ana\u00e9robie continu\/petits syst\u00e8mes de traitement des eaux us\u00e9es; assainissement durable s\u00fbr, hygi\u00e9nique et accessible]\n[formation, installation, entretien et r\u00e9paration]<\/li>\n \t<li>Recyclage des d\u00e9chets solides et \u00e9lectroniques [solutions d&rsquo;\u00c9conomie circulaire et transformation industrielle]\n[formation, installation, processus de transformation\/manufacture et entretien]<\/li>\n \t<li>Construction \u00c9cologique[faible co\u00fbt, efficacit\u00e9 \u00e9nerg\u00e9tique, mat\u00e9riaux locaux, syst\u00e8mes d&rsquo;\u00c9co-Construction, am\u00e9lioration des syst\u00e8mes de construction traditionnels]\n[formation, construction, entretien et r\u00e9paration]<\/li>\n<\/ul>\n<p class=\"point-left-mobile\">Les Ateliers AET sont ax\u00e9s sur l&rsquo;Apprentissage Critique, Holistique, Transdisciplinaire, Actif et Collaboratif (A-CHTAC), sur les t\u00e2ches cognitives, d&rsquo;analyse et de r\u00e9solution de probl\u00e8me, et sur les comp\u00e9tences de communication et interpersonnelles.<\/p><\/li>\n<\/ul>\n<\/li>\n<\/ul>\n<ul>\n \t<li style=\"list-style-type: none;\">\n<ul class=\"point-left-mobile\">\n \t<li>Cours\/Cycles de Entra\u00eenement dans chaque Atelier d&rsquo;\u00c9co-Technologies de Formation-Service-Innovation\n<ul>\n \t<li>5 Cours\/Cycles de Entra\u00eenement par an dans chaque Atelier d&rsquo;\u00c9co-Technologie<\/li>\n \t<li>Cour\/Cycle: 160 heures de formation pratique et th\u00e9orique [4 heures\/jour, 40 jours, 8 semaines]<\/li>\n \t<li>20 femmes et jeunes dans chaque Atelier d&rsquo;\u00c9co-Technologie de Formation-Service-Innovation<\/li>\n \t<li>500 femmes et jeunes form\u00e9s par an dans les Ateliers du Centre d&rsquo;\u00c9co-Technologies\n[100 femmes et jeunes form\u00e9s par an dans chaque Atelier]<\/li>\n \t<li>Les \u00e9tudiants re\u00e7oivent un Certificat de Comp\u00e9tences \u00c9co-Technologiques du CET dans le sujet de chaque Atelier d&rsquo;\u00c9co-Technologie de Formation-Service-Innovation (niveaux 1 \u00e0 3)<\/li>\n<\/ul>\n<\/li>\n \t<li><span style=\"font-family: var(--list--font-family); background-color: var(--global--color-background);\">Le Co\u00fbt unitaire de formation pour chaque \u00e9tudiant peut \u00eatre couvert de trois fa\u00e7ons :<\/span>\n<ul>\n \t<li><\/li>\n \t<li>Contributions des partenaires gouvernementaux et priv\u00e9s<\/li>\n \t<li>Programme d&rsquo;Aide Financi\u00e8re<\/li>\n \t<li>Paiements individuels<\/li>\n<\/ul>\n<\/li>\n<\/ul>\n<\/li>\n<\/ul>\n<b>Phase II: <\/b>\n\n5 Ateliers d&rsquo;\u00c9co-Technologies de Formation-Service-Innovation (AET) + Projets Productifs\n<ul>\n \t<li style=\"list-style-type: none;\">\n<ul>\n \t<li><span style=\"font-family: var(--list--font-family); background-color: var(--global--color-background);\">Mini Syst\u00e8mes d&rsquo;\u00c9nergie \u00e9olienne (VAWT)<\/span><\/li>\n \t<li>Drones UAV\/UAS<\/li>\n \t<li>e-Agriculture , commerce e-rural, s\u00e9curit\u00e9 alimentaire et nutrition<\/li>\n \t<li>Conservation de la biodiversit\u00e9<\/li>\n \t<li>Projets Productifs pour le D\u00e9veloppement Durable communautaire\n<ul>\n \t<li>&lsquo;Mini-Frigo&rsquo;: r\u00e9frig\u00e9rateur sans \u00e9lectricit\u00e9<\/li>\n \t<li>VeST &#8211; V\u00e9lo E-Solaire pour Tous<\/li>\n \t<li>Litre de lumi\u00e8re et \u00e9nergie solaire<\/li>\n \t<li>Laptop-Ardoise<\/li>\n<\/ul>\n<\/li>\n<\/ul>\n<\/li>\n<\/ul>\n\t\t\t\t\t\t<\/div>\n\t\t\t\t<\/div>\n\t\t\t\t<div class=\"elementor-element elementor-element-65fdbe7 elementor-widget elementor-widget-text-editor\" data-id=\"65fdbe7\" data-element_type=\"widget\" data-widget_type=\"text-editor.default\">\n\t\t\t\t<div class=\"elementor-widget-container\">\n\t\t\t\t\t\t\t\t\t\t\t\t\t<\/div>\n\t\t\t\t<\/div>\n\t\t\t\t\t<\/div>\n\t\t<\/div>\n\t\t\t\t\t<\/div>\n\t\t<\/section>\n\t\t\t\t<div class=\"elementor-element elementor-element-ea71e1b elementor-widget elementor-widget-text-editor\" data-id=\"ea71e1b\" data-element_type=\"widget\" data-widget_type=\"text-editor.default\">\n\t\t\t\t<div class=\"elementor-widget-container\">\n\t\t\t\t\t\t\t\t\t\t\t\t\t<\/div>\n\t\t\t\t<\/div>\n\t\t\t\t\t<\/div>\n\t\t<\/div>\n\t\t\t\t\t<\/div>\n\t\t<\/section>\n\t\t\t\t<section class=\"elementor-section elementor-top-section elementor-element elementor-element-1ef1132 elementor-section-boxed elementor-section-height-default elementor-section-height-default\" data-id=\"1ef1132\" data-element_type=\"section\">\n\t\t\t\t\t\t<div class=\"elementor-container elementor-column-gap-default\">\n\t\t\t\t\t<div class=\"elementor-column elementor-col-100 elementor-top-column elementor-element elementor-element-2bc185d\" data-id=\"2bc185d\" data-element_type=\"column\">\n\t\t\t<div class=\"elementor-widget-wrap\">\n\t\t\t\t\t\t\t<\/div>\n\t\t<\/div>\n\t\t\t\t\t<\/div>\n\t\t<\/section>\n\t\t\t\t<section class=\"elementor-section elementor-top-section elementor-element elementor-element-75c6ea8 elementor-section-boxed elementor-section-height-default elementor-section-height-default\" data-id=\"75c6ea8\" data-element_type=\"section\">\n\t\t\t\t\t\t<div class=\"elementor-container elementor-column-gap-default\">\n\t\t\t\t\t<div class=\"elementor-column elementor-col-33 elementor-top-column elementor-element elementor-element-a4ac67b\" data-id=\"a4ac67b\" data-element_type=\"column\">\n\t\t\t<div class=\"elementor-widget-wrap elementor-element-populated\">\n\t\t\t\t\t\t<div class=\"elementor-element elementor-element-5e4e003 elementor-widget elementor-widget-image\" data-id=\"5e4e003\" data-element_type=\"widget\" data-widget_type=\"image.default\">\n\t\t\t\t<div class=\"elementor-widget-container\">\n\t\t\t<style>\/*! elementor - v3.20.0 - 26-03-2024 *\/\n.elementor-widget-image{text-align:center}.elementor-widget-image a{display:inline-block}.elementor-widget-image a img[src$=\".svg\"]{width:48px}.elementor-widget-image img{vertical-align:middle;display:inline-block}<\/style>\t\t\t\t\t\t\t\t\t\t<img decoding=\"async\" src=\"https:\/\/womenylab.org\/wp-content\/uploads\/elementor\/thumbs\/chelsea-WvusC5M-TM8-unsplash-scaled-qhrfiezgxkyci1lvwpntwm1k6z6nomuwoojef7os9g.jpg\" title=\"chelsea-WvusC5M-TM8-unsplash\" alt=\"chelsea-WvusC5M-TM8-unsplash\" loading=\"lazy\" \/>\t\t\t\t\t\t\t\t\t\t\t\t\t<\/div>\n\t\t\t\t<\/div>\n\t\t\t\t\t<\/div>\n\t\t<\/div>\n\t\t\t\t<div class=\"elementor-column elementor-col-33 elementor-top-column elementor-element elementor-element-bb5ac8a\" data-id=\"bb5ac8a\" data-element_type=\"column\">\n\t\t\t<div class=\"elementor-widget-wrap elementor-element-populated\">\n\t\t\t\t\t\t<div class=\"elementor-element elementor-element-ca88b24 elementor-widget elementor-widget-image\" data-id=\"ca88b24\" data-element_type=\"widget\" data-widget_type=\"image.default\">\n\t\t\t\t<div class=\"elementor-widget-container\">\n\t\t\t\t\t\t\t\t\t\t\t\t\t<img decoding=\"async\" src=\"https:\/\/womenylab.org\/wp-content\/uploads\/elementor\/thumbs\/Untitled-7-qhrfifxb4ezmtnkir82gh3t0sd20wbyn0t6vwhne38.png\" title=\"Untitled-7\" alt=\"Untitled-7\" loading=\"lazy\" \/>\t\t\t\t\t\t\t\t\t\t\t\t\t<\/div>\n\t\t\t\t<\/div>\n\t\t\t\t\t<\/div>\n\t\t<\/div>\n\t\t\t\t<div class=\"elementor-column elementor-col-33 elementor-top-column elementor-element elementor-element-65546db\" data-id=\"65546db\" data-element_type=\"column\">\n\t\t\t<div class=\"elementor-widget-wrap elementor-element-populated\">\n\t\t\t\t\t\t<div class=\"elementor-element elementor-element-3e79e59 elementor-widget elementor-widget-image\" data-id=\"3e79e59\" data-element_type=\"widget\" data-widget_type=\"image.default\">\n\t\t\t\t<div class=\"elementor-widget-container\">\n\t\t\t\t\t\t\t\t\t\t\t\t\t<img decoding=\"async\" src=\"https:\/\/womenylab.org\/wp-content\/uploads\/elementor\/thumbs\/WhatsApp-Image-2023-12-22-at-7.53.11-PM-1-qhrfiezgxkyci1lvwpntwm1k6z6nomuwoojef7os9g.jpeg\" title=\"WhatsApp Image 2023-12-22 at 7.53.11 PM (1)\" alt=\"WhatsApp Image 2023-12-22 at 7.53.11 PM (1)\" loading=\"lazy\" \/>\t\t\t\t\t\t\t\t\t\t\t\t\t<\/div>\n\t\t\t\t<\/div>\n\t\t\t\t\t<\/div>\n\t\t<\/div>\n\t\t\t\t\t<\/div>\n\t\t<\/section>\n\t\t\t\t<\/div>\n\t\t","protected":false},"excerpt":{"rendered":"<p>Ateliers d&rsquo;\u00c9co-Technologies (AET): Formation-Service-Innovation Phase I: 5 Ateliers d&rsquo;\u00c9co-Technologies (AET) de Formation-Service-Innovation, en plus d&rsquo;un Incubateur d&rsquo;entreprises et des espaces de Co-working [Phase modulaire, mise en \u0153uvre \u00e9volutive] Incubateur d&rsquo;entreprise et espaces Co-working Identification, formulation, \u00e9valuation, incubation, gestion, formation, et suivi des start-ups productifs (\u00c9co-Technologies, services TIC\/Internet, applications logicielles, \u00e9nergies renouvelables, recyclage de l&rsquo;eau, \u00c9co-construction,&hellip; <a class=\"more-link\" href=\"https:\/\/womenylab.org\/fr\/eco-technology-training-service-innovation-workshops\/\">Poursuivre la lecture <span class=\"screen-reader-text\">(English) Eco-Technology Training-Service-Innovation Workshops<\/span><\/a><\/p>\n","protected":false},"author":1,"featured_media":1253,"parent":0,"menu_order":0,"comment_status":"closed","ping_status":"closed","template":"elementor_header_footer","meta":{"footnotes":""},"class_list":["post-651","page","type-page","status-publish","has-post-thumbnail","hentry","entry"],"_links":{"self":[{"href":"https:\/\/womenylab.org\/fr\/wp-json\/wp\/v2\/pages\/651","targetHints":{"allow":["GET"]}}],"collection":[{"href":"https:\/\/womenylab.org\/fr\/wp-json\/wp\/v2\/pages"}],"about":[{"href":"https:\/\/womenylab.org\/fr\/wp-json\/wp\/v2\/types\/page"}],"author":[{"embeddable":true,"href":"https:\/\/womenylab.org\/fr\/wp-json\/wp\/v2\/users\/1"}],"replies":[{"embeddable":true,"href":"https:\/\/womenylab.org\/fr\/wp-json\/wp\/v2\/comments?post=651"}],"version-history":[{"count":441,"href":"https:\/\/womenylab.org\/fr\/wp-json\/wp\/v2\/pages\/651\/revisions"}],"predecessor-version":[{"id":2015,"href":"https:\/\/womenylab.org\/fr\/wp-json\/wp\/v2\/pages\/651\/revisions\/2015"}],"wp:featuredmedia":[{"embeddable":true,"href":"https:\/\/womenylab.org\/fr\/wp-json\/wp\/v2\/media\/1253"}],"wp:attachment":[{"href":"https:\/\/womenylab.org\/fr\/wp-json\/wp\/v2\/media?parent=651"}],"curies":[{"name":"wp","href":"https:\/\/api.w.org\/{rel}","templated":true}]}}