{"id":672,"date":"2023-12-11T08:19:42","date_gmt":"2023-12-11T08:19:42","guid":{"rendered":"https:\/\/haroon.biz\/dev\/greenwt\/?page_id=672"},"modified":"2024-01-03T08:52:00","modified_gmt":"2024-01-03T08:52:00","slug":"estimated-budget-phase-i","status":"publish","type":"page","link":"https:\/\/womenylab.org\/fr\/estimated-budget-phase-i\/","title":{"rendered":"(English) Estimated Budget &#8211; Phase I"},"content":{"rendered":"\t\t<div data-elementor-type=\"wp-page\" data-elementor-id=\"672\" class=\"elementor elementor-672\">\n\t\t\t\t\t\t<section class=\"elementor-section elementor-top-section elementor-element elementor-element-dcdb2e5 elementor-section-full_width elementor-section-height-min-height elementor-section-height-default elementor-section-items-middle\" data-id=\"dcdb2e5\" data-element_type=\"section\" data-settings=\"{&quot;background_background&quot;:&quot;classic&quot;}\">\n\t\t\t\t\t\t<div class=\"elementor-container elementor-column-gap-no\">\n\t\t\t\t\t<div class=\"elementor-column elementor-col-100 elementor-top-column elementor-element elementor-element-e9926ed\" data-id=\"e9926ed\" data-element_type=\"column\">\n\t\t\t<div class=\"elementor-widget-wrap\">\n\t\t\t\t\t\t\t<\/div>\n\t\t<\/div>\n\t\t\t\t\t<\/div>\n\t\t<\/section>\n\t\t\t\t<section class=\"elementor-section elementor-top-section elementor-element elementor-element-859e1aa elementor-section-boxed elementor-section-height-default elementor-section-height-default\" data-id=\"859e1aa\" data-element_type=\"section\">\n\t\t\t\t\t\t<div class=\"elementor-container elementor-column-gap-default\">\n\t\t\t\t\t<div class=\"elementor-column elementor-col-100 elementor-top-column elementor-element elementor-element-2295a30\" data-id=\"2295a30\" data-element_type=\"column\">\n\t\t\t<div class=\"elementor-widget-wrap elementor-element-populated\">\n\t\t\t\t\t\t<section class=\"elementor-section elementor-inner-section elementor-element elementor-element-ec2d809 elementor-section-boxed elementor-section-height-default elementor-section-height-default\" data-id=\"ec2d809\" data-element_type=\"section\">\n\t\t\t\t\t\t<div class=\"elementor-container elementor-column-gap-default\">\n\t\t\t\t\t<div class=\"elementor-column elementor-col-100 elementor-inner-column elementor-element elementor-element-e0e0b85\" data-id=\"e0e0b85\" data-element_type=\"column\">\n\t\t\t<div class=\"elementor-widget-wrap elementor-element-populated\">\n\t\t\t\t\t\t<div class=\"elementor-element elementor-element-44d59a9 elementor-widget elementor-widget-heading\" data-id=\"44d59a9\" data-element_type=\"widget\" data-widget_type=\"heading.default\">\n\t\t\t\t<div class=\"elementor-widget-container\">\n\t\t\t<style>\/*! elementor - v3.20.0 - 26-03-2024 *\/\n.elementor-heading-title{padding:0;margin:0;line-height:1}.elementor-widget-heading .elementor-heading-title[class*=elementor-size-]>a{color:inherit;font-size:inherit;line-height:inherit}.elementor-widget-heading .elementor-heading-title.elementor-size-small{font-size:15px}.elementor-widget-heading .elementor-heading-title.elementor-size-medium{font-size:19px}.elementor-widget-heading .elementor-heading-title.elementor-size-large{font-size:29px}.elementor-widget-heading .elementor-heading-title.elementor-size-xl{font-size:39px}.elementor-widget-heading .elementor-heading-title.elementor-size-xxl{font-size:59px}<\/style><h2 class=\"elementor-heading-title elementor-size-default\">Budget Estim\u00e9 Phase I (Sep. 2024 - D\u00e9c. 2027)<\/h2>\t\t<\/div>\n\t\t\t\t<\/div>\n\t\t\t\t<div class=\"elementor-element elementor-element-13de913 elementor-widget elementor-widget-html\" data-id=\"13de913\" data-element_type=\"widget\" data-widget_type=\"html.default\">\n\t\t\t\t<div class=\"elementor-widget-container\">\n\t\t\t<!DOCTYPE html>\r\n<html>\r\n<head>\r\n<style>\r\ntable {\r\n  font-family: arial, sans-serif;\r\n  border-collapse: collapse;\r\n  width: 100%;\r\n}\r\n\r\ntd, th {\r\n  border: 1px solid #dddddd;\r\n  text-align: left;\r\n  padding: 8px;\r\n}\r\n\r\ntr:nth-child(even) {\r\n  background-color: #dddddd;\r\n}\r\n<\/style>\r\n<\/head>\r\n<body>\r\n\r\n\r\n<table>\r\n \r\n  <tr>\r\n    <td>Investissement initial (Sep.-D\u00e9c. 2024)<br>\r\nAm\u00e9nagement et \u00c9quipement du CET<\/td>\r\n    <td>\u20ac125.000<\/td>\r\n\r\n  <\/tr>\r\n  <tr>\r\n    <td>D\u00e9penses Op\u00e9rationnelles Annuelles (Jan.-D\u00e9c. 2024)<\/td>\r\n    <td>\u20ac150.000<\/td>\r\n \r\n  <\/tr>\r\n  <tr>\r\n    <td>TOTAL Projet: 2024<\/td>\r\n    <td>\u20ac275.000<\/td>\r\n    \r\n  <\/tr>\r\n  <tr>\r\n    <td>D\u00e9penses Op\u00e9rationnelles Annuelles (Jan.-D\u00e9c. 2025)<\/td>\r\n    <td>\u20ac440.000<\/td>\r\n  \r\n  <\/tr>\r\n  <tr>\r\n    <td>D\u00e9penses Op\u00e9rationnelles Annuelles (Jan.-D\u00e9c. 2026)<\/td>\r\n    <td>\u20ac440.000<\/td>\r\n   \r\n  <\/tr>\r\n   <tr>\r\n    <td>D\u00e9penses Op\u00e9rationnelles Annuelles (Jan.-D\u00e9c. 2027)<\/td>\r\n    <td>\u20ac440.000<\/td>\r\n   \r\n  <\/tr>\r\n  <tr>\r\n    <td>TOTAL  Projet: 2024-2027<\/td>\r\n    <td>\u20ac1.595.000<\/td>\r\n   \r\n  <\/tr>\r\n   <tr>\r\n    <td>REVENUS Annuels Estim\u00e9s (50% des D\u00e9penses Op\u00e9rationnelles Annuelles)<\/td>\r\n    <td>\u20ac220.000<\/td>\r\n   \r\n  <\/tr>\r\n<\/table>\r\n\r\n<\/body>\r\n<\/html>\r\n\r\n\t\t<\/div>\n\t\t\t\t<\/div>\n\t\t\t\t\t<\/div>\n\t\t<\/div>\n\t\t\t\t\t<\/div>\n\t\t<\/section>\n\t\t\t\t\t<\/div>\n\t\t<\/div>\n\t\t\t\t\t<\/div>\n\t\t<\/section>\n\t\t\t\t<section class=\"elementor-section elementor-top-section elementor-element elementor-element-1c6d00a elementor-section-boxed elementor-section-height-default elementor-section-height-default\" data-id=\"1c6d00a\" data-element_type=\"section\">\n\t\t\t\t\t\t<div class=\"elementor-container elementor-column-gap-default\">\n\t\t\t\t\t<div class=\"elementor-column elementor-col-33 elementor-top-column elementor-element elementor-element-957df63\" data-id=\"957df63\" data-element_type=\"column\">\n\t\t\t<div class=\"elementor-widget-wrap elementor-element-populated\">\n\t\t\t\t\t\t<div class=\"elementor-element elementor-element-19ab559 elementor-widget elementor-widget-image\" data-id=\"19ab559\" data-element_type=\"widget\" data-widget_type=\"image.default\">\n\t\t\t\t<div class=\"elementor-widget-container\">\n\t\t\t<style>\/*! elementor - v3.20.0 - 26-03-2024 *\/\n.elementor-widget-image{text-align:center}.elementor-widget-image a{display:inline-block}.elementor-widget-image a img[src$=\".svg\"]{width:48px}.elementor-widget-image img{vertical-align:middle;display:inline-block}<\/style>\t\t\t\t\t\t\t\t\t\t<img fetchpriority=\"high\" decoding=\"async\" width=\"444\" height=\"333\" src=\"https:\/\/womenylab.org\/wp-content\/uploads\/2024\/01\/WhatsApp-Image-2023-12-20-at-4.57.34-PM-1.jpeg\" class=\"attachment-full size-full wp-image-1793\" alt=\"\" srcset=\"https:\/\/womenylab.org\/wp-content\/uploads\/2024\/01\/WhatsApp-Image-2023-12-20-at-4.57.34-PM-1.jpeg 444w, https:\/\/womenylab.org\/wp-content\/uploads\/2024\/01\/WhatsApp-Image-2023-12-20-at-4.57.34-PM-1-300x225.jpeg 300w\" sizes=\"(max-width: 444px) 100vw, 444px\" style=\"width:100%;height:75%;max-width:444px\" \/>\t\t\t\t\t\t\t\t\t\t\t\t\t<\/div>\n\t\t\t\t<\/div>\n\t\t\t\t\t<\/div>\n\t\t<\/div>\n\t\t\t\t<div class=\"elementor-column elementor-col-33 elementor-top-column elementor-element elementor-element-246d730\" data-id=\"246d730\" data-element_type=\"column\">\n\t\t\t<div class=\"elementor-widget-wrap elementor-element-populated\">\n\t\t\t\t\t\t<div class=\"elementor-element elementor-element-8ef8da9 elementor-widget elementor-widget-image\" data-id=\"8ef8da9\" data-element_type=\"widget\" data-widget_type=\"image.default\">\n\t\t\t\t<div class=\"elementor-widget-container\">\n\t\t\t\t\t\t\t\t\t\t\t\t\t<img decoding=\"async\" src=\"https:\/\/womenylab.org\/wp-content\/uploads\/elementor\/thumbs\/sky-qhrfifx8m2p344sn7ywqiia3skeeoyeetbfi8j9u6a.png\" title=\"sky\" alt=\"sky\" loading=\"lazy\" \/>\t\t\t\t\t\t\t\t\t\t\t\t\t<\/div>\n\t\t\t\t<\/div>\n\t\t\t\t\t<\/div>\n\t\t<\/div>\n\t\t\t\t<div class=\"elementor-column elementor-col-33 elementor-top-column elementor-element elementor-element-2a4e4dc\" data-id=\"2a4e4dc\" data-element_type=\"column\">\n\t\t\t<div class=\"elementor-widget-wrap elementor-element-populated\">\n\t\t\t\t\t\t<div class=\"elementor-element elementor-element-cd344fc elementor-widget elementor-widget-image\" data-id=\"cd344fc\" data-element_type=\"widget\" data-widget_type=\"image.default\">\n\t\t\t\t<div class=\"elementor-widget-container\">\n\t\t\t\t\t\t\t\t\t\t\t\t\t<img decoding=\"async\" src=\"https:\/\/womenylab.org\/wp-content\/uploads\/elementor\/thumbs\/WhatsApp-Image-2023-12-22-at-7.53.11-PM-1-qhrfiezef8nssiu0dgi3y0in76j1h9aoh6s0r9b8ci.jpeg\" title=\"WhatsApp Image 2023-12-22 at 7.53.11 PM (1)\" alt=\"WhatsApp Image 2023-12-22 at 7.53.11 PM (1)\" loading=\"lazy\" \/>\t\t\t\t\t\t\t\t\t\t\t\t\t<\/div>\n\t\t\t\t<\/div>\n\t\t\t\t\t<\/div>\n\t\t<\/div>\n\t\t\t\t\t<\/div>\n\t\t<\/section>\n\t\t\t\t<\/div>\n\t\t","protected":false},"excerpt":{"rendered":"<p>Budget Estim\u00e9 Phase I (Sep. 2024 &#8211; D\u00e9c. 2027) Investissement initial (Sep.-D\u00e9c. 2024) Am\u00e9nagement et \u00c9quipement du CET \u20ac125.000 D\u00e9penses Op\u00e9rationnelles Annuelles (Jan.-D\u00e9c. 2024) \u20ac150.000 TOTAL Projet: 2024 \u20ac275.000 D\u00e9penses Op\u00e9rationnelles Annuelles (Jan.-D\u00e9c. 2025) \u20ac440.000 D\u00e9penses Op\u00e9rationnelles Annuelles (Jan.-D\u00e9c. 2026) \u20ac440.000 D\u00e9penses Op\u00e9rationnelles Annuelles (Jan.-D\u00e9c. 2027) \u20ac440.000 TOTAL Projet: 2024-2027 \u20ac1.595.000 REVENUS Annuels Estim\u00e9s (50%&hellip; <a class=\"more-link\" href=\"https:\/\/womenylab.org\/fr\/estimated-budget-phase-i\/\">Poursuivre la lecture <span class=\"screen-reader-text\">(English) Estimated Budget &#8211; Phase I<\/span><\/a><\/p>\n","protected":false},"author":1,"featured_media":1258,"parent":0,"menu_order":0,"comment_status":"closed","ping_status":"closed","template":"elementor_header_footer","meta":{"footnotes":""},"class_list":["post-672","page","type-page","status-publish","has-post-thumbnail","hentry","entry"],"_links":{"self":[{"href":"https:\/\/womenylab.org\/fr\/wp-json\/wp\/v2\/pages\/672","targetHints":{"allow":["GET"]}}],"collection":[{"href":"https:\/\/womenylab.org\/fr\/wp-json\/wp\/v2\/pages"}],"about":[{"href":"https:\/\/womenylab.org\/fr\/wp-json\/wp\/v2\/types\/page"}],"author":[{"embeddable":true,"href":"https:\/\/womenylab.org\/fr\/wp-json\/wp\/v2\/users\/1"}],"replies":[{"embeddable":true,"href":"https:\/\/womenylab.org\/fr\/wp-json\/wp\/v2\/comments?post=672"}],"version-history":[{"count":75,"href":"https:\/\/womenylab.org\/fr\/wp-json\/wp\/v2\/pages\/672\/revisions"}],"predecessor-version":[{"id":1862,"href":"https:\/\/womenylab.org\/fr\/wp-json\/wp\/v2\/pages\/672\/revisions\/1862"}],"wp:featuredmedia":[{"embeddable":true,"href":"https:\/\/womenylab.org\/fr\/wp-json\/wp\/v2\/media\/1258"}],"wp:attachment":[{"href":"https:\/\/womenylab.org\/fr\/wp-json\/wp\/v2\/media?parent=672"}],"curies":[{"name":"wp","href":"https:\/\/api.w.org\/{rel}","templated":true}]}}