{"id":563,"date":"2023-12-07T09:28:58","date_gmt":"2023-12-07T09:28:58","guid":{"rendered":"https:\/\/haroon.biz\/dev\/greenwt\/?page_id=563"},"modified":"2024-01-03T08:37:08","modified_gmt":"2024-01-03T08:37:08","slug":"description-context","status":"publish","type":"page","link":"https:\/\/womenylab.org\/pb\/description-context\/","title":{"rendered":"(English) Description &#038; context"},"content":{"rendered":"\t\t<div data-elementor-type=\"wp-page\" data-elementor-id=\"563\" class=\"elementor elementor-563\">\n\t\t\t\t\t\t<section class=\"elementor-section elementor-top-section elementor-element elementor-element-7f30073 elementor-section-full_width elementor-section-height-min-height elementor-section-height-default elementor-section-items-middle\" data-id=\"7f30073\" data-element_type=\"section\" data-settings=\"{&quot;background_background&quot;:&quot;classic&quot;}\">\n\t\t\t\t\t\t<div class=\"elementor-container elementor-column-gap-no\">\n\t\t\t\t\t<div class=\"elementor-column elementor-col-100 elementor-top-column elementor-element elementor-element-9d0aefe\" data-id=\"9d0aefe\" data-element_type=\"column\">\n\t\t\t<div class=\"elementor-widget-wrap\">\n\t\t\t\t\t\t\t<\/div>\n\t\t<\/div>\n\t\t\t\t\t<\/div>\n\t\t<\/section>\n\t\t\t\t<section class=\"elementor-section elementor-top-section elementor-element elementor-element-945c05c elementor-section-boxed elementor-section-height-default elementor-section-height-default\" data-id=\"945c05c\" data-element_type=\"section\">\n\t\t\t\t\t\t<div class=\"elementor-container elementor-column-gap-default\">\n\t\t\t\t\t<div class=\"elementor-column elementor-col-100 elementor-top-column elementor-element elementor-element-a83e752\" data-id=\"a83e752\" data-element_type=\"column\">\n\t\t\t<div class=\"elementor-widget-wrap elementor-element-populated\">\n\t\t\t\t\t\t<section class=\"elementor-section elementor-inner-section elementor-element elementor-element-2580d10 elementor-section-boxed elementor-section-height-default elementor-section-height-default\" data-id=\"2580d10\" data-element_type=\"section\">\n\t\t\t\t\t\t<div class=\"elementor-container elementor-column-gap-default\">\n\t\t\t\t\t<div class=\"elementor-column elementor-col-100 elementor-inner-column elementor-element elementor-element-02149a6\" data-id=\"02149a6\" data-element_type=\"column\">\n\t\t\t<div class=\"elementor-widget-wrap elementor-element-populated\">\n\t\t\t\t\t\t<div class=\"elementor-element elementor-element-de84c5f elementor-widget elementor-widget-heading\" data-id=\"de84c5f\" data-element_type=\"widget\" data-widget_type=\"heading.default\">\n\t\t\t\t<div class=\"elementor-widget-container\">\n\t\t\t<style>\/*! elementor - v3.20.0 - 26-03-2024 *\/\n.elementor-heading-title{padding:0;margin:0;line-height:1}.elementor-widget-heading .elementor-heading-title[class*=elementor-size-]>a{color:inherit;font-size:inherit;line-height:inherit}.elementor-widget-heading .elementor-heading-title.elementor-size-small{font-size:15px}.elementor-widget-heading .elementor-heading-title.elementor-size-medium{font-size:19px}.elementor-widget-heading .elementor-heading-title.elementor-size-large{font-size:29px}.elementor-widget-heading .elementor-heading-title.elementor-size-xl{font-size:39px}.elementor-widget-heading .elementor-heading-title.elementor-size-xxl{font-size:59px}<\/style><h2 class=\"elementor-heading-title elementor-size-default\">Descri\u00e7\u00e3o e contexto do Projeto<\/h2>\t\t<\/div>\n\t\t\t\t<\/div>\n\t\t\t\t<div class=\"elementor-element elementor-element-06f0d15 elementor-widget elementor-widget-text-editor\" data-id=\"06f0d15\" data-element_type=\"widget\" data-widget_type=\"text-editor.default\">\n\t\t\t\t<div class=\"elementor-widget-container\">\n\t\t\t<style>\/*! elementor - v3.20.0 - 26-03-2024 *\/\n.elementor-widget-text-editor.elementor-drop-cap-view-stacked .elementor-drop-cap{background-color:#69727d;color:#fff}.elementor-widget-text-editor.elementor-drop-cap-view-framed .elementor-drop-cap{color:#69727d;border:3px solid;background-color:transparent}.elementor-widget-text-editor:not(.elementor-drop-cap-view-default) .elementor-drop-cap{margin-top:8px}.elementor-widget-text-editor:not(.elementor-drop-cap-view-default) .elementor-drop-cap-letter{width:1em;height:1em}.elementor-widget-text-editor .elementor-drop-cap{float:left;text-align:center;line-height:1;font-size:50px}.elementor-widget-text-editor .elementor-drop-cap-letter{display:inline-block}<\/style>\t\t\t\t<p><span style=\"background-color: var(--global--color-background);\">O Projeto WomenY-Lab: Emprego e Inova\u00e7\u00e3o Eco-Tec para mulheres e jovens (WomenY-Lab) visa o Empoderamento de Mulheres e Jovens e Emprego e Inova\u00e7\u00e3o em comunidades rurais e urbanas-marginais.<\/span><\/p>\n<p>WomenY-Lab \u00e9 um projeto secular, transdisciplinar, intersetorial, integral e hol\u00edstico para o Desenvolvimento Ecol\u00f3gico Sustent\u00e1vel e Equitativo baseado na Comunidade.<\/p>\n<p>O WomenY-Lab est\u00e1 focado na cria\u00e7\u00e3o de Centros Eco-Tecnol\u00f3gicos: Treinamento-Servi\u00e7o-Inova\u00e7\u00e3o (CET) para mulheres e jovens, visando o desenvolvimento de compet\u00eancias profissionais e de inova\u00e7\u00e3o.<\/p>\n<ul>\n<li>Treinamento: mulheres e jovens de comunidades rurais e urbanas marginais, com o apoio de componentes de Aprendizagem online&nbsp;<br><\/li>\n<li>Servi\u00e7os: atividades geradoras de rendimentos e tarefas t\u00e9cnicas relacionadas com o emprego (manufatura, instala\u00e7\u00e3o, manuten\u00e7\u00e3o e repara\u00e7\u00e3o; Incubadora de Empresas e Espa\u00e7os de trabalho conjunto -Co-working)<br><\/li>\n<li>Inova\u00e7\u00e3o: inova\u00e7\u00f5es menores\/incrementais em rela\u00e7\u00e3o a produtos e processos de pr\u00e9-produ\u00e7\u00e3o e produ\u00e7\u00e3o\/servi\u00e7os de pequeno e m\u00e9dio porte, efici\u00eancia energ\u00e9tica, efici\u00eancia de mat\u00e9ria-prima, transfer\u00eancia de tecnologia e impacto ambiental<\/li><\/ul>\n<p><\/p>\t\t\t\t\t\t<\/div>\n\t\t\t\t<\/div>\n\t\t\t\t<div class=\"elementor-element elementor-element-9552984 elementor-widget elementor-widget-text-editor\" data-id=\"9552984\" data-element_type=\"widget\" data-widget_type=\"text-editor.default\">\n\t\t\t\t<div class=\"elementor-widget-container\">\n\t\t\t\t\t\t\t<p><span style=\"background-color: var(--global--color-background);\"><\/p>\t\t\t\t\t\t<\/div>\n\t\t\t\t<\/div>\n\t\t\t\t\t<\/div>\n\t\t<\/div>\n\t\t\t\t\t<\/div>\n\t\t<\/section>\n\t\t\t\t\t<\/div>\n\t\t<\/div>\n\t\t\t\t\t<\/div>\n\t\t<\/section>\n\t\t\t\t<section class=\"elementor-section elementor-top-section elementor-element elementor-element-ae1b5e3 elementor-section-boxed elementor-section-height-default elementor-section-height-default\" data-id=\"ae1b5e3\" data-element_type=\"section\">\n\t\t\t\t\t\t<div class=\"elementor-container elementor-column-gap-default\">\n\t\t\t\t\t<div class=\"elementor-column elementor-col-50 elementor-top-column elementor-element elementor-element-3e57253\" data-id=\"3e57253\" data-element_type=\"column\">\n\t\t\t<div class=\"elementor-widget-wrap elementor-element-populated\">\n\t\t\t\t\t\t<div class=\"elementor-element elementor-element-37f39f9 elementor-widget elementor-widget-text-editor\" data-id=\"37f39f9\" data-element_type=\"widget\" data-widget_type=\"text-editor.default\">\n\t\t\t\t<div class=\"elementor-widget-container\">\n\t\t\t\t\t\t\t<p><span style=\"background-color: var(--global--color-background);\">Eco-Tecnolog\u00edas (Eco-Tec): impacto ecol\u00f3gico quase zero, efici\u00eancia energ\u00e9tica, efici\u00eancia no uso de recursos, c\u00f3digo aberto (open-source), baixo custo, custo-efetivas, materiais locais, robustas, modulares, repar\u00e1veis, evolutivas e reproduz\u00edveis.<\/span><\/p><p>Os Workshops CET s\u00e3o espacios de Treinamento-Servi\u00e7o-Inova\u00e7\u00e3o: equipamentos e ferramentas; \u00e1rea de aprendizagem\/ensino; mesa de design\/busca de materiais; projetos, prot\u00f3tipos e produtos acabados e inacabados.<\/p><p><\/p>\t\t\t\t\t\t<\/div>\n\t\t\t\t<\/div>\n\t\t\t\t<div class=\"elementor-element elementor-element-896c086 elementor-widget elementor-widget-text-editor\" data-id=\"896c086\" data-element_type=\"widget\" data-widget_type=\"text-editor.default\">\n\t\t\t\t<div class=\"elementor-widget-container\">\n\t\t\t\t\t\t\t<p><span style=\"background-color: var(--global--color-background);\"><\/p>\t\t\t\t\t\t<\/div>\n\t\t\t\t<\/div>\n\t\t\t\t\t<\/div>\n\t\t<\/div>\n\t\t\t\t<div class=\"elementor-column elementor-col-50 elementor-top-column elementor-element elementor-element-f683c8d\" data-id=\"f683c8d\" data-element_type=\"column\">\n\t\t\t<div class=\"elementor-widget-wrap elementor-element-populated\">\n\t\t\t\t\t\t<div class=\"elementor-element elementor-element-01a4e13 elementor-widget elementor-widget-image\" data-id=\"01a4e13\" data-element_type=\"widget\" data-widget_type=\"image.default\">\n\t\t\t\t<div class=\"elementor-widget-container\">\n\t\t\t<style>\/*! elementor - v3.20.0 - 26-03-2024 *\/\n.elementor-widget-image{text-align:center}.elementor-widget-image a{display:inline-block}.elementor-widget-image a img[src$=\".svg\"]{width:48px}.elementor-widget-image img{vertical-align:middle;display:inline-block}<\/style>\t\t\t\t\t\t\t\t\t\t<img fetchpriority=\"high\" decoding=\"async\" width=\"329\" height=\"320\" src=\"https:\/\/womenylab.org\/wp-content\/uploads\/2024\/01\/Untitled-1.png\" class=\"attachment-large size-large wp-image-1844\" alt=\"\" srcset=\"https:\/\/womenylab.org\/wp-content\/uploads\/2024\/01\/Untitled-1.png 329w, https:\/\/womenylab.org\/wp-content\/uploads\/2024\/01\/Untitled-1-300x292.png 300w\" sizes=\"(max-width: 329px) 100vw, 329px\" style=\"width:100%;height:97.26%;max-width:329px\" \/>\t\t\t\t\t\t\t\t\t\t\t\t\t<\/div>\n\t\t\t\t<\/div>\n\t\t\t\t\t<\/div>\n\t\t<\/div>\n\t\t\t\t\t<\/div>\n\t\t<\/section>\n\t\t\t\t<\/div>\n\t\t","protected":false},"excerpt":{"rendered":"<p>Descri\u00e7\u00e3o e contexto do Projeto O Projeto WomenY-Lab: Emprego e Inova\u00e7\u00e3o Eco-Tec para mulheres e jovens (WomenY-Lab) visa o Empoderamento de Mulheres e Jovens e Emprego e Inova\u00e7\u00e3o em comunidades rurais e urbanas-marginais. WomenY-Lab \u00e9 um projeto secular, transdisciplinar, intersetorial, integral e hol\u00edstico para o Desenvolvimento Ecol\u00f3gico Sustent\u00e1vel e Equitativo baseado na Comunidade. O WomenY-Lab&hellip; <a class=\"more-link\" href=\"https:\/\/womenylab.org\/pb\/description-context\/\">Continuar lendo <span class=\"screen-reader-text\">(English) Description &#038; context<\/span><\/a><\/p>\n","protected":false},"author":1,"featured_media":1226,"parent":0,"menu_order":0,"comment_status":"closed","ping_status":"closed","template":"elementor_header_footer","meta":{"footnotes":""},"class_list":["post-563","page","type-page","status-publish","has-post-thumbnail","hentry","entry"],"_links":{"self":[{"href":"https:\/\/womenylab.org\/pb\/wp-json\/wp\/v2\/pages\/563","targetHints":{"allow":["GET"]}}],"collection":[{"href":"https:\/\/womenylab.org\/pb\/wp-json\/wp\/v2\/pages"}],"about":[{"href":"https:\/\/womenylab.org\/pb\/wp-json\/wp\/v2\/types\/page"}],"author":[{"embeddable":true,"href":"https:\/\/womenylab.org\/pb\/wp-json\/wp\/v2\/users\/1"}],"replies":[{"embeddable":true,"href":"https:\/\/womenylab.org\/pb\/wp-json\/wp\/v2\/comments?post=563"}],"version-history":[{"count":179,"href":"https:\/\/womenylab.org\/pb\/wp-json\/wp\/v2\/pages\/563\/revisions"}],"predecessor-version":[{"id":1855,"href":"https:\/\/womenylab.org\/pb\/wp-json\/wp\/v2\/pages\/563\/revisions\/1855"}],"wp:featuredmedia":[{"embeddable":true,"href":"https:\/\/womenylab.org\/pb\/wp-json\/wp\/v2\/media\/1226"}],"wp:attachment":[{"href":"https:\/\/womenylab.org\/pb\/wp-json\/wp\/v2\/media?parent=563"}],"curies":[{"name":"wp","href":"https:\/\/api.w.org\/{rel}","templated":true}]}}