{"id":651,"date":"2023-12-08T09:32:36","date_gmt":"2023-12-08T09:32:36","guid":{"rendered":"https:\/\/haroon.biz\/dev\/greenwt\/?page_id=651"},"modified":"2024-01-03T13:43:11","modified_gmt":"2024-01-03T13:43:11","slug":"eco-technology-training-service-innovation-workshops","status":"publish","type":"page","link":"https:\/\/womenylab.org\/pb\/eco-technology-training-service-innovation-workshops\/","title":{"rendered":"(English) Eco-Technology Training-Service-Innovation Workshops"},"content":{"rendered":"\t\t<div data-elementor-type=\"wp-page\" data-elementor-id=\"651\" class=\"elementor elementor-651\">\n\t\t\t\t\t\t<section class=\"elementor-section elementor-top-section elementor-element elementor-element-fe48459 elementor-section-full_width elementor-section-height-min-height elementor-section-height-default elementor-section-items-middle\" data-id=\"fe48459\" data-element_type=\"section\" data-settings=\"{&quot;background_background&quot;:&quot;classic&quot;}\">\n\t\t\t\t\t\t<div class=\"elementor-container elementor-column-gap-no\">\n\t\t\t\t\t<div class=\"elementor-column elementor-col-100 elementor-top-column elementor-element elementor-element-965a858\" data-id=\"965a858\" data-element_type=\"column\">\n\t\t\t<div class=\"elementor-widget-wrap\">\n\t\t\t\t\t\t\t<\/div>\n\t\t<\/div>\n\t\t\t\t\t<\/div>\n\t\t<\/section>\n\t\t\t\t<section class=\"elementor-section elementor-top-section elementor-element elementor-element-7acc220 elementor-section-boxed elementor-section-height-default elementor-section-height-default\" data-id=\"7acc220\" data-element_type=\"section\">\n\t\t\t\t\t\t<div class=\"elementor-container elementor-column-gap-default\">\n\t\t\t\t\t<div class=\"elementor-column elementor-col-100 elementor-top-column elementor-element elementor-element-c2e6bda\" data-id=\"c2e6bda\" data-element_type=\"column\">\n\t\t\t<div class=\"elementor-widget-wrap elementor-element-populated\">\n\t\t\t\t\t\t<section class=\"elementor-section elementor-inner-section elementor-element elementor-element-6fe0d7a elementor-section-boxed elementor-section-height-default elementor-section-height-default\" data-id=\"6fe0d7a\" data-element_type=\"section\">\n\t\t\t\t\t\t<div class=\"elementor-container elementor-column-gap-default\">\n\t\t\t\t\t<div class=\"elementor-column elementor-col-100 elementor-inner-column elementor-element elementor-element-95dd707\" data-id=\"95dd707\" data-element_type=\"column\">\n\t\t\t<div class=\"elementor-widget-wrap elementor-element-populated\">\n\t\t\t\t\t\t<div class=\"elementor-element elementor-element-5b27954 elementor-widget elementor-widget-heading\" data-id=\"5b27954\" data-element_type=\"widget\" data-widget_type=\"heading.default\">\n\t\t\t\t<div class=\"elementor-widget-container\">\n\t\t\t<style>\/*! elementor - v3.20.0 - 26-03-2024 *\/\n.elementor-heading-title{padding:0;margin:0;line-height:1}.elementor-widget-heading .elementor-heading-title[class*=elementor-size-]>a{color:inherit;font-size:inherit;line-height:inherit}.elementor-widget-heading .elementor-heading-title.elementor-size-small{font-size:15px}.elementor-widget-heading .elementor-heading-title.elementor-size-medium{font-size:19px}.elementor-widget-heading .elementor-heading-title.elementor-size-large{font-size:29px}.elementor-widget-heading .elementor-heading-title.elementor-size-xl{font-size:39px}.elementor-widget-heading .elementor-heading-title.elementor-size-xxl{font-size:59px}<\/style><h2 class=\"elementor-heading-title elementor-size-default\">Workshops de Ecotecnologias (WET): Treinamento-Servi\u00e7o-Inova\u00e7\u00e3o<\/h2>\t\t<\/div>\n\t\t\t\t<\/div>\n\t\t\t\t<div class=\"elementor-element elementor-element-47e7860 elementor-widget-mobile__width-inherit elementor-widget elementor-widget-text-editor\" data-id=\"47e7860\" data-element_type=\"widget\" data-widget_type=\"text-editor.default\">\n\t\t\t\t<div class=\"elementor-widget-container\">\n\t\t\t<style>\/*! elementor - v3.20.0 - 26-03-2024 *\/\n.elementor-widget-text-editor.elementor-drop-cap-view-stacked .elementor-drop-cap{background-color:#69727d;color:#fff}.elementor-widget-text-editor.elementor-drop-cap-view-framed .elementor-drop-cap{color:#69727d;border:3px solid;background-color:transparent}.elementor-widget-text-editor:not(.elementor-drop-cap-view-default) .elementor-drop-cap{margin-top:8px}.elementor-widget-text-editor:not(.elementor-drop-cap-view-default) .elementor-drop-cap-letter{width:1em;height:1em}.elementor-widget-text-editor .elementor-drop-cap{float:left;text-align:center;line-height:1;font-size:50px}.elementor-widget-text-editor .elementor-drop-cap-letter{display:inline-block}<\/style>\t\t\t\t\n<ul>\n \t<li><strong>Primeira Fase:<\/strong><\/li>\n<\/ul>\n5 Workshops de Ecotecnologias (WET) de Treinamento-Servi\u00e7o-Inova\u00e7\u00e3o, al\u00e9m de uma Incubadora de Empresas e Espa\u00e7os de trabalho conjunto (Co-Working).\n[Fase modular, implementa\u00e7\u00e3o evolutiva]\n<ul>\n \t<li style=\"list-style-type: none;\">\n<ul>\n \t<li style=\"list-style-type: none;\">\n<ul class=\"point-left\">\n \t<li>Incubadora de Empresas e Espa\u00e7os de trabalho conjunto (Co-Working)\n<ul>\n \t<li>Identifica\u00e7\u00e3o, formula\u00e7\u00e3o, avalia\u00e7\u00e3o, incuba\u00e7\u00e3o, gest\u00e3o, treinamento, e monitoriza\u00e7\u00e3o de novas empresas produtivas (incluindo Eco-Tecnologias, servi\u00e7os TIC\/Internet, aplica\u00e7\u00f5es de software, energias renov\u00e1veis, reciclagem de \u00e1gua, eco-constru\u00e7\u00e3o, agricultura\/produtos org\u00e2nicos, nutri\u00e7\u00e3o, plantas medicinais)<\/li>\n \t<li>Mesas, escrit\u00f3rios, salas de reuni\u00f5es e espa\u00e7os para eventos; servi\u00e7os TIC\/Internet<\/li>\n<\/ul>\n<\/li>\n \t<li>Compet\u00eancias digitais: servi\u00e7os de Internet, com\u00e9rcio eletr\u00f4nico, PCs e redes; celulares\n[treinamento, instala\u00e7\u00e3o, manuten\u00e7\u00e3o e reparo]<\/li>\n \t<li>Mini-Sistemas Solares Fotovoltaicos\n[treinamento, instala\u00e7\u00e3o, manuten\u00e7\u00e3o e reparo]<\/li>\n \t<li>Reciclagem de \u00e1gua, Eco-Saneamento e Recupera\u00e7\u00e3o de \u00e1gua de chuva\n[treinamento, instala\u00e7\u00e3o, manuten\u00e7\u00e3o e reparo]<\/li>\n \t<li>Reciclagem de res\u00edduos s\u00f3lidos e eletr\u00f4nicos (economia circular e processamento industrial)\n[treinamento, instala\u00e7\u00e3o, processos de transforma\u00e7\u00e3o\/manufatura e manuten\u00e7\u00e3o]<\/li>\n \t<li>Constru\u00e7\u00e3o Ecol\u00f3gica\n[baixo custo, efici\u00eancia energ\u00e9tica, materiais locais, sistemas de Eco-Constru\u00e7\u00e3o]\n[treinamento, instala\u00e7\u00e3o, manuten\u00e7\u00e3o e reparo]<\/li>\n<\/ul>\n<\/li>\n<\/ul>\n<\/li>\n<\/ul>\nAs Workshops WET se concentram na Aprendizagem Ativa, Cr\u00edtica, Colaborativa e Transdisciplinar (AACCT), tarefas cognitivas, anal\u00edticas e de resolu\u00e7\u00e3o de problemas, e habilidades interpessoais e de comunica\u00e7\u00e3o.\n<ul>\n \t<li style=\"list-style-type: none;\">\n<ul class=\"point-left-mobile\">\n \t<li>Cursos\/Ciclos de Treinamento em cada Workshop de Eco-Tecnologias de Treinamento-Servi\u00e7o-Inova\u00e7\u00e3o\n<ul class=\"point-left-mobile\">\n \t<li>5 Cursos\/Ciclos de Treinamento por ano em cada Workshop de Eco-Tecnologia<\/li>\n \t<li>Curso: 160 horas de forma\u00e7\u00e3o pr\u00e1tica e te\u00f3rica [4 horas\/dia, 40 dias, 8 semanas]<\/li>\n \t<li>20 mulheres e jovens em cada Workshop de Treinamento-Servi\u00e7o-Inova\u00e7\u00e3o em Ecotecnologia<\/li>\n \t<li>500 mulheres e jovens capacitados por ano nos Workshops do Centro de Eco-Tecnologias\n[100 mulheres e jovens capacitados por ano em cada Workshop]<\/li>\n \t<li>O estudantes recebem um Certificado WET de Compet\u00eancias em Eco-Tecnologia na disciplina de cada Workshop de Eco-Tecnologia de Treinamento-Servi\u00e7o-Inova\u00e7\u00e3o (n\u00edveis 1 a 3)<\/li>\n \t<li>O Custo Unit\u00e1rio de Treinamento para cada estudante pode ser coberto de tr\u00eas formas:\n<ul>\n \t<li>Contribui\u00e7\u00f5es do governo e s\u00f3cios privados.<\/li>\n \t<li>Programa de ajuda financeira<\/li>\n \t<li>Pagamentos individuais<\/li>\n<\/ul>\n<\/li>\n<\/ul>\n<\/li>\n \t<li><strong>Segunda Fase<\/strong><\/li>\n<\/ul>\n<\/li>\n<\/ul>\n5 Workshops de Eco-Tecnologias (WET) de Treinamento-Servi\u00e7o-Inova\u00e7\u00e3o + Projetos Produtivos\n<ul>\n \t<li style=\"list-style-type: none;\">\n<ul class=\"point-left-mobile\">\n \t<li>Mini-Sistema de Turbinas de vento (VAWT)<\/li>\n \t<li>Drones UAV\/UAS<\/li>\n \t<li>e-Agricultura, e-com\u00e9rcio rural, seguran\u00e7a alimentar e nutri\u00e7\u00e3o<\/li>\n \t<li>Conserva\u00e7\u00e3o da Biodiversidade<\/li>\n \t<li>Projetos Produtivos para o Desenvolvimento Sustent\u00e1vel Comunit\u00e1rio\n<ul>\n \t<li>&#8216;Mini-Refri&#8217;: refrigeradores sem energia<\/li>\n \t<li>BeST &#8211; Bici e-Solar para Todos<\/li>\n \t<li>Litro de Luz e Energia Solar<\/li>\n \t<li>Laptop &#8211; Quadro-Negro<\/li>\n<\/ul>\n<\/li>\n<\/ul>\n<\/li>\n<\/ul>\n\t\t\t\t\t\t<\/div>\n\t\t\t\t<\/div>\n\t\t\t\t<div class=\"elementor-element elementor-element-65fdbe7 elementor-widget elementor-widget-text-editor\" data-id=\"65fdbe7\" data-element_type=\"widget\" data-widget_type=\"text-editor.default\">\n\t\t\t\t<div class=\"elementor-widget-container\">\n\t\t\t\t\t\t\t\t\t\t\t\t\t<\/div>\n\t\t\t\t<\/div>\n\t\t\t\t\t<\/div>\n\t\t<\/div>\n\t\t\t\t\t<\/div>\n\t\t<\/section>\n\t\t\t\t<div class=\"elementor-element elementor-element-ea71e1b elementor-widget elementor-widget-text-editor\" data-id=\"ea71e1b\" data-element_type=\"widget\" data-widget_type=\"text-editor.default\">\n\t\t\t\t<div class=\"elementor-widget-container\">\n\t\t\t\t\t\t\t\t\t\t\t\t\t<\/div>\n\t\t\t\t<\/div>\n\t\t\t\t\t<\/div>\n\t\t<\/div>\n\t\t\t\t\t<\/div>\n\t\t<\/section>\n\t\t\t\t<section class=\"elementor-section elementor-top-section elementor-element elementor-element-1ef1132 elementor-section-boxed elementor-section-height-default elementor-section-height-default\" data-id=\"1ef1132\" data-element_type=\"section\">\n\t\t\t\t\t\t<div class=\"elementor-container elementor-column-gap-default\">\n\t\t\t\t\t<div class=\"elementor-column elementor-col-100 elementor-top-column elementor-element elementor-element-2bc185d\" data-id=\"2bc185d\" data-element_type=\"column\">\n\t\t\t<div class=\"elementor-widget-wrap\">\n\t\t\t\t\t\t\t<\/div>\n\t\t<\/div>\n\t\t\t\t\t<\/div>\n\t\t<\/section>\n\t\t\t\t<section class=\"elementor-section elementor-top-section elementor-element elementor-element-75c6ea8 elementor-section-boxed elementor-section-height-default elementor-section-height-default\" data-id=\"75c6ea8\" data-element_type=\"section\">\n\t\t\t\t\t\t<div class=\"elementor-container elementor-column-gap-default\">\n\t\t\t\t\t<div class=\"elementor-column elementor-col-33 elementor-top-column elementor-element elementor-element-a4ac67b\" data-id=\"a4ac67b\" data-element_type=\"column\">\n\t\t\t<div class=\"elementor-widget-wrap elementor-element-populated\">\n\t\t\t\t\t\t<div class=\"elementor-element elementor-element-5e4e003 elementor-widget elementor-widget-image\" data-id=\"5e4e003\" data-element_type=\"widget\" data-widget_type=\"image.default\">\n\t\t\t\t<div class=\"elementor-widget-container\">\n\t\t\t<style>\/*! elementor - v3.20.0 - 26-03-2024 *\/\n.elementor-widget-image{text-align:center}.elementor-widget-image a{display:inline-block}.elementor-widget-image a img[src$=\".svg\"]{width:48px}.elementor-widget-image img{vertical-align:middle;display:inline-block}<\/style>\t\t\t\t\t\t\t\t\t\t<img decoding=\"async\" src=\"https:\/\/womenylab.org\/wp-content\/uploads\/elementor\/thumbs\/chelsea-WvusC5M-TM8-unsplash-scaled-qhrfiezgxkyci1lvwpntwm1k6z6nomuwoojef7os9g.jpg\" title=\"chelsea-WvusC5M-TM8-unsplash\" alt=\"chelsea-WvusC5M-TM8-unsplash\" loading=\"lazy\" \/>\t\t\t\t\t\t\t\t\t\t\t\t\t<\/div>\n\t\t\t\t<\/div>\n\t\t\t\t\t<\/div>\n\t\t<\/div>\n\t\t\t\t<div class=\"elementor-column elementor-col-33 elementor-top-column elementor-element elementor-element-bb5ac8a\" data-id=\"bb5ac8a\" data-element_type=\"column\">\n\t\t\t<div class=\"elementor-widget-wrap elementor-element-populated\">\n\t\t\t\t\t\t<div class=\"elementor-element elementor-element-ca88b24 elementor-widget elementor-widget-image\" data-id=\"ca88b24\" data-element_type=\"widget\" data-widget_type=\"image.default\">\n\t\t\t\t<div class=\"elementor-widget-container\">\n\t\t\t\t\t\t\t\t\t\t\t\t\t<img decoding=\"async\" src=\"https:\/\/womenylab.org\/wp-content\/uploads\/elementor\/thumbs\/Untitled-7-qhrfifxb4ezmtnkir82gh3t0sd20wbyn0t6vwhne38.png\" title=\"Untitled-7\" alt=\"Untitled-7\" loading=\"lazy\" \/>\t\t\t\t\t\t\t\t\t\t\t\t\t<\/div>\n\t\t\t\t<\/div>\n\t\t\t\t\t<\/div>\n\t\t<\/div>\n\t\t\t\t<div class=\"elementor-column elementor-col-33 elementor-top-column elementor-element elementor-element-65546db\" data-id=\"65546db\" data-element_type=\"column\">\n\t\t\t<div class=\"elementor-widget-wrap elementor-element-populated\">\n\t\t\t\t\t\t<div class=\"elementor-element elementor-element-3e79e59 elementor-widget elementor-widget-image\" data-id=\"3e79e59\" data-element_type=\"widget\" data-widget_type=\"image.default\">\n\t\t\t\t<div class=\"elementor-widget-container\">\n\t\t\t\t\t\t\t\t\t\t\t\t\t<img decoding=\"async\" src=\"https:\/\/womenylab.org\/wp-content\/uploads\/elementor\/thumbs\/WhatsApp-Image-2023-12-22-at-7.53.11-PM-1-qhrfiezgxkyci1lvwpntwm1k6z6nomuwoojef7os9g.jpeg\" title=\"WhatsApp Image 2023-12-22 at 7.53.11 PM (1)\" alt=\"WhatsApp Image 2023-12-22 at 7.53.11 PM (1)\" loading=\"lazy\" \/>\t\t\t\t\t\t\t\t\t\t\t\t\t<\/div>\n\t\t\t\t<\/div>\n\t\t\t\t\t<\/div>\n\t\t<\/div>\n\t\t\t\t\t<\/div>\n\t\t<\/section>\n\t\t\t\t<\/div>\n\t\t","protected":false},"excerpt":{"rendered":"<p>Workshops de Ecotecnologias (WET): Treinamento-Servi\u00e7o-Inova\u00e7\u00e3o Primeira Fase: 5 Workshops de Ecotecnologias (WET) de Treinamento-Servi\u00e7o-Inova\u00e7\u00e3o, al\u00e9m de uma Incubadora de Empresas e Espa\u00e7os de trabalho conjunto (Co-Working). [Fase modular, implementa\u00e7\u00e3o evolutiva] Incubadora de Empresas e Espa\u00e7os de trabalho conjunto (Co-Working) Identifica\u00e7\u00e3o, formula\u00e7\u00e3o, avalia\u00e7\u00e3o, incuba\u00e7\u00e3o, gest\u00e3o, treinamento, e monitoriza\u00e7\u00e3o de novas empresas produtivas (incluindo Eco-Tecnologias, servi\u00e7os TIC\/Internet,&hellip; <a class=\"more-link\" href=\"https:\/\/womenylab.org\/pb\/eco-technology-training-service-innovation-workshops\/\">Continuar lendo <span class=\"screen-reader-text\">(English) Eco-Technology Training-Service-Innovation Workshops<\/span><\/a><\/p>\n","protected":false},"author":1,"featured_media":1253,"parent":0,"menu_order":0,"comment_status":"closed","ping_status":"closed","template":"elementor_header_footer","meta":{"footnotes":""},"class_list":["post-651","page","type-page","status-publish","has-post-thumbnail","hentry","entry"],"_links":{"self":[{"href":"https:\/\/womenylab.org\/pb\/wp-json\/wp\/v2\/pages\/651","targetHints":{"allow":["GET"]}}],"collection":[{"href":"https:\/\/womenylab.org\/pb\/wp-json\/wp\/v2\/pages"}],"about":[{"href":"https:\/\/womenylab.org\/pb\/wp-json\/wp\/v2\/types\/page"}],"author":[{"embeddable":true,"href":"https:\/\/womenylab.org\/pb\/wp-json\/wp\/v2\/users\/1"}],"replies":[{"embeddable":true,"href":"https:\/\/womenylab.org\/pb\/wp-json\/wp\/v2\/comments?post=651"}],"version-history":[{"count":441,"href":"https:\/\/womenylab.org\/pb\/wp-json\/wp\/v2\/pages\/651\/revisions"}],"predecessor-version":[{"id":2015,"href":"https:\/\/womenylab.org\/pb\/wp-json\/wp\/v2\/pages\/651\/revisions\/2015"}],"wp:featuredmedia":[{"embeddable":true,"href":"https:\/\/womenylab.org\/pb\/wp-json\/wp\/v2\/media\/1253"}],"wp:attachment":[{"href":"https:\/\/womenylab.org\/pb\/wp-json\/wp\/v2\/media?parent=651"}],"curies":[{"name":"wp","href":"https:\/\/api.w.org\/{rel}","templated":true}]}}