{"id":687,"date":"2023-12-11T08:34:59","date_gmt":"2023-12-11T08:34:59","guid":{"rendered":"https:\/\/haroon.biz\/dev\/greenwt\/?page_id=687"},"modified":"2024-01-03T09:05:34","modified_gmt":"2024-01-03T09:05:34","slug":"execution-schedule","status":"publish","type":"page","link":"https:\/\/womenylab.org\/pb\/execution-schedule\/","title":{"rendered":"(English) Execution Schedule"},"content":{"rendered":"\t\t<div data-elementor-type=\"wp-page\" data-elementor-id=\"687\" class=\"elementor elementor-687\">\n\t\t\t\t\t\t<section class=\"elementor-section elementor-top-section elementor-element elementor-element-8e18b3d elementor-section-full_width elementor-section-height-min-height elementor-section-height-default elementor-section-items-middle\" data-id=\"8e18b3d\" data-element_type=\"section\" data-settings=\"{&quot;background_background&quot;:&quot;classic&quot;}\">\n\t\t\t\t\t\t<div class=\"elementor-container elementor-column-gap-no\">\n\t\t\t\t\t<div class=\"elementor-column elementor-col-100 elementor-top-column elementor-element elementor-element-fa8550e\" data-id=\"fa8550e\" data-element_type=\"column\">\n\t\t\t<div class=\"elementor-widget-wrap\">\n\t\t\t\t\t\t\t<\/div>\n\t\t<\/div>\n\t\t\t\t\t<\/div>\n\t\t<\/section>\n\t\t\t\t<section class=\"elementor-section elementor-top-section elementor-element elementor-element-3dd23a4 elementor-section-boxed elementor-section-height-default elementor-section-height-default\" data-id=\"3dd23a4\" data-element_type=\"section\">\n\t\t\t\t\t\t<div class=\"elementor-container elementor-column-gap-default\">\n\t\t\t\t\t<div class=\"elementor-column elementor-col-100 elementor-top-column elementor-element elementor-element-f43bab8\" data-id=\"f43bab8\" data-element_type=\"column\">\n\t\t\t<div class=\"elementor-widget-wrap elementor-element-populated\">\n\t\t\t\t\t\t<section class=\"elementor-section elementor-inner-section elementor-element elementor-element-3e3ebde elementor-section-boxed elementor-section-height-default elementor-section-height-default\" data-id=\"3e3ebde\" data-element_type=\"section\">\n\t\t\t\t\t\t<div class=\"elementor-container elementor-column-gap-default\">\n\t\t\t\t\t<div class=\"elementor-column elementor-col-100 elementor-inner-column elementor-element elementor-element-98942ca\" data-id=\"98942ca\" data-element_type=\"column\">\n\t\t\t<div class=\"elementor-widget-wrap elementor-element-populated\">\n\t\t\t\t\t\t<div class=\"elementor-element elementor-element-7734564 elementor-widget elementor-widget-shortcode\" data-id=\"7734564\" data-element_type=\"widget\" data-widget_type=\"shortcode.default\">\n\t\t\t\t<div class=\"elementor-widget-container\">\n\t\t\t\t\t<div class=\"elementor-shortcode\"><!DOCTYPE html>\n<html>\n<head>\n<style>\ntable {\n  font-family: arial, sans-serif;\n  border-collapse: collapse;\n  width: 100%;\n}\n\ntd, th {\n  border: 1px solid #dddddd;\n  text-align: left;\n  padding: 8px;\n}\n\ntr:nth-child(even) {\n  background-color: #dddddd;\n}\n<\/style>\n<\/head>\n<body>\n\n\n\n<table>\n  <tr>\n    <th>Atividade<\/th>\n    <th>PRAZOS<\/th>\n \n  <\/tr>\n  <tr>\n    <td><ul><li>Miss\u00e3o a Lom\u00e9, a convite de organiza\u00e7\u00f5es governamentais (1 semana).\n\n\n\n\n<\/li>Objectivos:<ul><li>Realizar reuni\u00f5es com futuras institui\u00e7\u00f5es e parceiros do Projeto (tr\u00eas minist\u00e9rios, tr\u00eas universidades, ag\u00eancias internacionais de coopera\u00e7\u00e3o t\u00e9cnica e financeira e ONGs)\n<\/li><li>Constitui\u00e7\u00e3o do Grupo T\u00e9cnico Interinstitucional do Projeto WomenY-Lab local (aprox. 8 pessoas)\n<\/li><li>Assinatura de Memorandos de Entendimento com tr\u00eas minist\u00e9rios, tr\u00eas universidades, ag\u00eancias internacionais de coopera\u00e7\u00e3o t\u00e9cnica e financeira e ONGs\n<\/li>\n<li>Discutir o Cronograma de Execu\u00e7\u00e3o do Projeto WomenY-Lab<\/li><li>\tOrganizar o envio de cartas de tr\u00eas Ministros dirigidas a ag\u00eancias internacionais de coopera\u00e7\u00e3o t\u00e9cnica e financeira<\/li><\/ul><\/ul><\/td>\n    <td>Jun 2024<\/td>\n\n  <\/tr>\n  <tr>\n    <td><ul><li>Apresenta\u00e7\u00e3o e discuss\u00e3o do Projeto WomenY-Lab com institui\u00e7\u00f5es financeiras internacionais para o desenvolvimento: estabelecimento de contatos oficiais e realiza\u00e7\u00e3o de interc\u00e2mbios preliminares<\/li><ul><li>Banco Africano de Desenvolvimento (BAD) [African Development Fund]<\/li><li>Banco Isl\u00e2mico de Desenvolvimento (IsDB)<br>\n[Division of Science, technology and innovation; Transform Fund and Engage Platform]\n<\/li><li>Banco Mundial<\/li><li>AFD (Ag\u00eancia Francesa de Desenvolvimento)<\/li><\/ul><\/ul><\/td>\n    \n \n  <\/tr>\n  <tr>\n    <td>Acondicionamento de instala\u00e7\u00f5es para funcionamento do Centro de Eco-Tecnologias: Treinamento-Servi\u00e7o-Inova\u00e7\u00e3o (CET) (1.200m\u00b2-Primeira Fase)\n<\/td>\n    <td>Jan-Mar 2025<\/td>\n    \n  <\/tr>\n  <tr>\n    <td>Sele\u00e7\u00e3o e Recrutamento: 5 Coordenadores de Workshop e Coordenador de Comunica\u00e7\u00e3o e Marketing<\/td>\n    <td>Fev-Mar 2025<\/td>\n  \n  <\/tr>\n  <tr>\n    <td>Equipamento de 5 Workshops de Eco-Tecnologias de Treinamento-Servi\u00e7o-Inova\u00e7\u00e3o (WET), assim como uma Incubadora de Empresas e Espa\u00e7os de trabalho conjunto (Co-Working)<\/td>\n    <td>Mar-Abr 2025<\/td>\n   \n  <\/tr>\n  <tr>\n    <td>Sele\u00e7\u00e3o e Forma\u00e7\u00e3o de formadores para os 5 Workshops de Ecotecnologias<\/td>\n    <td>Abr-Jun 2025<\/td>\n   \n  <\/tr>\n   <tr>\n    <td>Design e implementa\u00e7\u00e3o de um Sistema de Seguran\u00e7a completo (funcion\u00e1rios, alunos\/estagi\u00e1rios, instala\u00e7\u00f5es, equipamentos)<\/td>\n    \n   \n  <\/tr>\n    <tr>\n    <td>Preparo e lan\u00e7amento do Programa de Treinamento do CET [500 mulheres e jovens capacitados por ano nos Workshops do Centro de Eco-Tecnologias]<\/td>\n   \n   \n  <\/tr>\n    <tr>\n    <td>Preparo e lan\u00e7amento do Programa de Servi\u00e7os do CET<\/td>\n    \n   \n  <\/tr>\n    <tr>\n    <td><ul><li>Preparo de projetos e miss\u00f5es oficiais de negocia\u00e7\u00e3o com institui\u00e7\u00f5es financeiras internacionais para o desenvolvimento<\/li><ul><li>\tBanco Africano de Desenvolvimento (BAD) [African Development Fund]<\/li><li>Banco Isl\u00e2mico de Desenvolvimento (IsDB)<\/li>[Division of Science, technology and innovation; Transform Fund and Engage Platform]<li>Banco Mundial<\/li><li>AFD (Ag\u00eancia Francesa de Desenvolvimento)<\/li><\/ul><\/ul>\n\n<\/td>\n    \n   \n  <\/tr>\n    <tr>\n    <td>Inaugura\u00e7\u00e3o Oficial do Centro de Eco-Tecnologias: Treinamento-Servi\u00e7o-Inova\u00e7\u00e3o (CET)\n\n<\/td>\n   \n   \n  <\/tr>  <tr>\n    <td>In\u00edcio de Cursos\/Ciclos de Treinamento em cada Workshop de Eco-Tecnologia (8 semanas)\n\n<\/td>\n    \n   \n  <\/tr>\n    <tr>\n    <td>Desenvolvimento de Redes de Parceria: Associa\u00e7\u00f5es empresariais e de produtores; Setor p\u00fablico; Institui\u00e7\u00f5es de ensino superior; Redes comunit\u00e1rias\n<\/td>\n    \n  <\/tr>   \n    \n\n<\/table>\n\n<\/body>\n<\/html>\n\n<\/div>\n\t\t\t\t<\/div>\n\t\t\t\t<\/div>\n\t\t\t\t\t<\/div>\n\t\t<\/div>\n\t\t\t\t\t<\/div>\n\t\t<\/section>\n\t\t\t\t\t<\/div>\n\t\t<\/div>\n\t\t\t\t\t<\/div>\n\t\t<\/section>\n\t\t\t\t<section class=\"elementor-section elementor-top-section elementor-element elementor-element-12bd71e elementor-section-boxed elementor-section-height-default elementor-section-height-default\" data-id=\"12bd71e\" data-element_type=\"section\">\n\t\t\t\t\t\t<div class=\"elementor-container elementor-column-gap-default\">\n\t\t\t\t\t<div class=\"elementor-column elementor-col-50 elementor-top-column elementor-element elementor-element-5329834\" data-id=\"5329834\" data-element_type=\"column\">\n\t\t\t<div class=\"elementor-widget-wrap elementor-element-populated\">\n\t\t\t\t\t\t<div class=\"elementor-element elementor-element-5bd06d7 elementor-widget elementor-widget-image\" data-id=\"5bd06d7\" data-element_type=\"widget\" data-widget_type=\"image.default\">\n\t\t\t\t<div class=\"elementor-widget-container\">\n\t\t\t<style>\/*! elementor - v3.20.0 - 26-03-2024 *\/\n.elementor-widget-image{text-align:center}.elementor-widget-image a{display:inline-block}.elementor-widget-image a img[src$=\".svg\"]{width:48px}.elementor-widget-image img{vertical-align:middle;display:inline-block}<\/style>\t\t\t\t\t\t\t\t\t\t<img decoding=\"async\" src=\"https:\/\/womenylab.org\/wp-content\/uploads\/elementor\/thumbs\/Untitled-6-qhrfifx8m2p344sn7ywqiia3skeeoyeetbfi8j9u6a.png\" title=\"Untitled-6\" alt=\"Untitled-6\" loading=\"lazy\" \/>\t\t\t\t\t\t\t\t\t\t\t\t\t<\/div>\n\t\t\t\t<\/div>\n\t\t\t\t\t<\/div>\n\t\t<\/div>\n\t\t\t\t<div class=\"elementor-column elementor-col-50 elementor-top-column elementor-element elementor-element-9b3c5e7\" data-id=\"9b3c5e7\" data-element_type=\"column\">\n\t\t\t<div class=\"elementor-widget-wrap elementor-element-populated\">\n\t\t\t\t\t\t<div class=\"elementor-element elementor-element-dcf8528 elementor-widget elementor-widget-image\" data-id=\"dcf8528\" data-element_type=\"widget\" data-widget_type=\"image.default\">\n\t\t\t\t<div class=\"elementor-widget-container\">\n\t\t\t\t\t\t\t\t\t\t\t\t\t<img decoding=\"async\" src=\"https:\/\/womenylab.org\/wp-content\/uploads\/elementor\/thumbs\/3D-Printing-1-qhrfiezef8nssiu0dgi3y0in76j1h9aoh6s0r9b8ci.jpg\" title=\"3D-Printing-1\" alt=\"3D-Printing-1\" loading=\"lazy\" \/>\t\t\t\t\t\t\t\t\t\t\t\t\t<\/div>\n\t\t\t\t<\/div>\n\t\t\t\t\t<\/div>\n\t\t<\/div>\n\t\t\t\t\t<\/div>\n\t\t<\/section>\n\t\t\t\t<\/div>\n\t\t","protected":false},"excerpt":{"rendered":"<p>Atividade PRAZOS Miss\u00e3o a Lom\u00e9, a convite de organiza\u00e7\u00f5es governamentais (1 semana). Objectivos: Realizar reuni\u00f5es com futuras institui\u00e7\u00f5es e parceiros do Projeto (tr\u00eas minist\u00e9rios, tr\u00eas universidades, ag\u00eancias internacionais de coopera\u00e7\u00e3o t\u00e9cnica e financeira e ONGs) Constitui\u00e7\u00e3o do Grupo T\u00e9cnico Interinstitucional do Projeto WomenY-Lab local (aprox. 8 pessoas) Assinatura de Memorandos de Entendimento com tr\u00eas minist\u00e9rios,&hellip; <a class=\"more-link\" href=\"https:\/\/womenylab.org\/pb\/execution-schedule\/\">Continuar lendo <span class=\"screen-reader-text\">(English) Execution Schedule<\/span><\/a><\/p>\n","protected":false},"author":1,"featured_media":1226,"parent":0,"menu_order":0,"comment_status":"closed","ping_status":"closed","template":"elementor_header_footer","meta":{"footnotes":""},"class_list":["post-687","page","type-page","status-publish","has-post-thumbnail","hentry","entry"],"_links":{"self":[{"href":"https:\/\/womenylab.org\/pb\/wp-json\/wp\/v2\/pages\/687","targetHints":{"allow":["GET"]}}],"collection":[{"href":"https:\/\/womenylab.org\/pb\/wp-json\/wp\/v2\/pages"}],"about":[{"href":"https:\/\/womenylab.org\/pb\/wp-json\/wp\/v2\/types\/page"}],"author":[{"embeddable":true,"href":"https:\/\/womenylab.org\/pb\/wp-json\/wp\/v2\/users\/1"}],"replies":[{"embeddable":true,"href":"https:\/\/womenylab.org\/pb\/wp-json\/wp\/v2\/comments?post=687"}],"version-history":[{"count":102,"href":"https:\/\/womenylab.org\/pb\/wp-json\/wp\/v2\/pages\/687\/revisions"}],"predecessor-version":[{"id":1866,"href":"https:\/\/womenylab.org\/pb\/wp-json\/wp\/v2\/pages\/687\/revisions\/1866"}],"wp:featuredmedia":[{"embeddable":true,"href":"https:\/\/womenylab.org\/pb\/wp-json\/wp\/v2\/media\/1226"}],"wp:attachment":[{"href":"https:\/\/womenylab.org\/pb\/wp-json\/wp\/v2\/media?parent=687"}],"curies":[{"name":"wp","href":"https:\/\/api.w.org\/{rel}","templated":true}]}}